{"id":10689,"date":"2021-06-13T05:34:21","date_gmt":"2021-06-13T05:34:21","guid":{"rendered":"https:\/\/archeodiving.it\/?page_id=10689"},"modified":"2023-05-03T12:09:15","modified_gmt":"2023-05-03T10:09:15","slug":"versorgungsunternehmen","status":"publish","type":"page","link":"https:\/\/archeodiving.it\/de\/utilities","title":{"rendered":"Versorgungsunternehmen"},"content":{"rendered":"<div data-elementor-type=\"wp-page\" data-elementor-id=\"10689\" class=\"elementor elementor-10689\" data-elementor-post-type=\"page\">\n\t\t\t\t<div class=\"elementor-element elementor-element-fa885a0 e-con-full e-flex e-con e-parent\" data-id=\"fa885a0\" data-element_type=\"container\" data-e-type=\"container\" data-settings=\"{&quot;background_background&quot;:&quot;classic&quot;}\">\n\t\t\t\t<div class=\"elementor-element elementor-element-293b4cd elementor-widget elementor-widget-heading\" data-id=\"293b4cd\" data-element_type=\"widget\" data-e-type=\"widget\" data-widget_type=\"heading.default\">\n\t\t\t\t<div class=\"elementor-widget-container\">\n\t\t\t\t\t<h1 class=\"elementor-heading-title elementor-size-default\">N\u00fctzliche Dokumente<\/h1>\t\t\t\t<\/div>\n\t\t\t\t<\/div>\n\t\t\t\t<div class=\"elementor-element elementor-element-0e1563b elementor-widget elementor-widget-heading\" data-id=\"0e1563b\" data-element_type=\"widget\" data-e-type=\"widget\" data-widget_type=\"heading.default\">\n\t\t\t\t<div class=\"elementor-widget-container\">\n\t\t\t\t\t<h2 class=\"elementor-heading-title elementor-size-default\">F\u00fcr die Durchf\u00fchrung der Aktivit\u00e4ten erforderliche Dokumente<\/h2>\t\t\t\t<\/div>\n\t\t\t\t<\/div>\n\t\t\t\t<div class=\"elementor-element elementor-element-d9f1cff elementor-widget elementor-widget-heading\" data-id=\"d9f1cff\" data-element_type=\"widget\" data-e-type=\"widget\" data-widget_type=\"heading.default\">\n\t\t\t\t<div class=\"elementor-widget-container\">\n\t\t\t\t\t<p class=\"elementor-heading-title elementor-size-default\">F\u00fcr weitere Informationen kontaktiere uns bitte per Whatsapp, E-Mail oder rufe uns an<\/p>\t\t\t\t<\/div>\n\t\t\t\t<\/div>\n\t\t\t\t<\/div>\n\t\t<div class=\"elementor-element elementor-element-dcc0747 e-con-full e-flex e-con e-parent\" data-id=\"dcc0747\" data-element_type=\"container\" data-e-type=\"container\">\n\t\t<div class=\"elementor-element elementor-element-36a23eb e-con-full e-flex e-con e-parent\" data-id=\"36a23eb\" data-element_type=\"container\" data-e-type=\"container\">\n\t\t\t\t<div class=\"elementor-element elementor-element-17281eb elementor-widget__width-auto elementor-view-default elementor-widget elementor-widget-icon\" data-id=\"17281eb\" data-element_type=\"widget\" data-e-type=\"widget\" data-widget_type=\"icon.default\">\n\t\t\t\t<div class=\"elementor-widget-container\">\n\t\t\t\t\t\t\t<div class=\"elementor-icon-wrapper\">\n\t\t\t<div class=\"elementor-icon\">\n\t\t\t<i aria-hidden=\"true\" class=\"fas fa-file-signature\"><\/i>\t\t\t<\/div>\n\t\t<\/div>\n\t\t\t\t\t\t<\/div>\n\t\t\t\t<\/div>\n\t\t\t\t<div class=\"elementor-element elementor-element-7d7eefb elementor-widget-divider--view-line elementor-widget elementor-widget-divider\" data-id=\"7d7eefb\" data-element_type=\"widget\" data-e-type=\"widget\" data-widget_type=\"divider.default\">\n\t\t\t\t<div class=\"elementor-widget-container\">\n\t\t\t\t\t\t\t<div class=\"elementor-divider\">\n\t\t\t<span class=\"elementor-divider-separator\">\n\t\t\t\t\t\t<\/span>\n\t\t<\/div>\n\t\t\t\t\t\t<\/div>\n\t\t\t\t<\/div>\n\t\t\t\t<div class=\"elementor-element elementor-element-4bad25a elementor-widget elementor-widget-heading\" data-id=\"4bad25a\" data-element_type=\"widget\" data-e-type=\"widget\" data-widget_type=\"heading.default\">\n\t\t\t\t<div class=\"elementor-widget-container\">\n\t\t\t\t\t<h5 class=\"elementor-heading-title elementor-size-default\">Formular zur Haftungsfreistellung<\/h5>\t\t\t\t<\/div>\n\t\t\t\t<\/div>\n\t\t\t\t<div class=\"elementor-element elementor-element-2ccb923 elementor-widget elementor-widget-heading\" data-id=\"2ccb923\" data-element_type=\"widget\" data-e-type=\"widget\" data-widget_type=\"heading.default\">\n\t\t\t\t<div class=\"elementor-widget-container\">\n\t\t\t\t\t<h5 class=\"elementor-heading-title elementor-size-default\">F\u00fcr alle unsere Ausfl\u00fcge muss dieses Formular ausgef\u00fcllt werden<\/h5>\t\t\t\t<\/div>\n\t\t\t\t<\/div>\n\t\t\t\t<div class=\"elementor-element elementor-element-af83593 elementor-widget elementor-widget-text-editor\" data-id=\"af83593\" data-element_type=\"widget\" data-e-type=\"widget\" data-widget_type=\"text-editor.default\">\n\t\t\t\t<div class=\"elementor-widget-container\">\n\t\t\t\t\t\t\t\t\t<p>Bevor du einen Ausflug mit uns machst, ist es wichtig, dass du dieses Formular ausf\u00fcllst, um den Check-in korrekt durchf\u00fchren zu k\u00f6nnen. Wir bitten unsere Kunden, dieses Formular im Laden auszuf\u00fcllen, aber ab jetzt kannst du es auch online ausf\u00fcllen und so vor dem Ausflug Zeit sparen.<\/p><p>Achte darauf, dass du alle Informationen korrekt eintr\u00e4gst, es dauert nur ein paar Minuten.<br \/>Nach dem Absenden erh\u00e4ltst du auch eine Kopie direkt auf dein E-Mail-Konto.<\/p>\t\t\t\t\t\t\t\t<\/div>\n\t\t\t\t<\/div>\n\t\t\t\t<div class=\"elementor-element elementor-element-9dcc74f elementor-align-justify elementor-widget elementor-widget-button\" data-id=\"9dcc74f\" data-element_type=\"widget\" data-e-type=\"widget\" data-widget_type=\"button.default\">\n\t\t\t\t<div class=\"elementor-widget-container\">\n\t\t\t\t\t\t\t\t\t<div class=\"elementor-button-wrapper\">\n\t\t\t\t\t<a class=\"elementor-button elementor-button-link elementor-size-sm\" href=\"\/de\/haftungsfreistellung-form\/\">\n\t\t\t\t\t\t<span class=\"elementor-button-content-wrapper\">\n\t\t\t\t\t\t<span class=\"elementor-button-icon\">\n\t\t\t\t<i aria-hidden=\"true\" class=\"fab fa-wpforms\"><\/i>\t\t\t<\/span>\n\t\t\t\t\t\t\t\t\t<span class=\"elementor-button-text\">Zum Online-Formular gehen<\/span>\n\t\t\t\t\t<\/span>\n\t\t\t\t\t<\/a>\n\t\t\t\t<\/div>\n\t\t\t\t\t\t\t\t<\/div>\n\t\t\t\t<\/div>\n\t\t\t\t<\/div>\n\t\t<div class=\"elementor-element elementor-element-bb2c433 e-con-full e-flex e-con e-parent\" data-id=\"bb2c433\" data-element_type=\"container\" data-e-type=\"container\">\n\t\t\t\t<div class=\"elementor-element elementor-element-f517e8b elementor-widget__width-auto elementor-view-default elementor-widget elementor-widget-icon\" data-id=\"f517e8b\" data-element_type=\"widget\" data-e-type=\"widget\" data-widget_type=\"icon.default\">\n\t\t\t\t<div class=\"elementor-widget-container\">\n\t\t\t\t\t\t\t<div class=\"elementor-icon-wrapper\">\n\t\t\t<div class=\"elementor-icon\">\n\t\t\t<i aria-hidden=\"true\" class=\"fas fa-file-medical\"><\/i>\t\t\t<\/div>\n\t\t<\/div>\n\t\t\t\t\t\t<\/div>\n\t\t\t\t<\/div>\n\t\t\t\t<div class=\"elementor-element elementor-element-5118693 elementor-widget-tablet__width-auto elementor-widget elementor-widget-heading\" data-id=\"5118693\" data-element_type=\"widget\" data-e-type=\"widget\" data-widget_type=\"heading.default\">\n\t\t\t\t<div class=\"elementor-widget-container\">\n\t\t\t\t\t<p class=\"elementor-heading-title elementor-size-default\">Dieses Formular ist obligatorisch f\u00fcr <strong>jede Aktivit\u00e4t beim Tauchen<\/strong> mit uns gemacht.<\/p>\t\t\t\t<\/div>\n\t\t\t\t<\/div>\n\t\t\t\t<div class=\"elementor-element elementor-element-a43fcdc elementor-widget-divider--view-line elementor-widget elementor-widget-divider\" data-id=\"a43fcdc\" data-element_type=\"widget\" data-e-type=\"widget\" data-widget_type=\"divider.default\">\n\t\t\t\t<div class=\"elementor-widget-container\">\n\t\t\t\t\t\t\t<div class=\"elementor-divider\">\n\t\t\t<span class=\"elementor-divider-separator\">\n\t\t\t\t\t\t<\/span>\n\t\t<\/div>\n\t\t\t\t\t\t<\/div>\n\t\t\t\t<\/div>\n\t\t\t\t<div class=\"elementor-element elementor-element-e27b362 elementor-widget elementor-widget-heading\" data-id=\"e27b362\" data-element_type=\"widget\" data-e-type=\"widget\" data-widget_type=\"heading.default\">\n\t\t\t\t<div class=\"elementor-widget-container\">\n\t\t\t\t\t<h5 class=\"elementor-heading-title elementor-size-default\">Diver Medical - NUR TAUCHEN<\/h5>\t\t\t\t<\/div>\n\t\t\t\t<\/div>\n\t\t\t\t<div class=\"elementor-element elementor-element-3de0e4f elementor-widget elementor-widget-text-editor\" data-id=\"3de0e4f\" data-element_type=\"widget\" data-e-type=\"widget\" data-widget_type=\"text-editor.default\">\n\t\t\t\t<div class=\"elementor-widget-container\">\n\t\t\t\t\t\t\t\t\tSporttauchen und Freitauchen erfordert eine gute k\u00f6rperliche und geistige Gesundheit. Es gibt einige Krankheiten, die beim Tauchen gef\u00e4hrlich sein k\u00f6nnen (siehe unten). Diejenigen, die eine dieser Krankheiten haben oder dazu neigen, sollten sich von einem Arzt untersuchen lassen. Dieser Fragebogen f\u00fcr medizinische Taucher dient als Grundlage, um festzustellen, ob du diese Untersuchung in Anspruch nehmen solltest. Wenn du Bedenken bez\u00fcglich deiner Tauchtauglichkeit hast, die nicht in diesem Formular aufgef\u00fchrt sind, solltest du vor dem Tauchen deinen Arzt konsultieren. Wenn du dich krank f\u00fchlst, solltest du das Tauchen vermeiden. Wenn du glaubst, dass du eine ansteckende Krankheit haben k\u00f6nntest, sch\u00fctze dich und andere, indem du nicht an der Tauchausbildung und\/oder an Tauchaktivit\u00e4ten teilnimmst. Der Begriff \"Tauchen\" in diesem Formular bezieht sich sowohl auf das Freizeit-Ger\u00e4tetauchen als auch auf das Freitauchen.\n<br>\nDieses Formular ist in erster Linie als medizinische Erstuntersuchung f\u00fcr neue Taucher gedacht, eignet sich aber auch f\u00fcr Taucher, die eine weiterf\u00fchrende Ausbildung machen. Beantworte zu deiner Sicherheit und der anderer Taucher, die mit dir tauchen, alle Fragen wahrheitsgem\u00e4\u00df.\t\t\t\t\t\t\t\t<\/div>\n\t\t\t\t<\/div>\n\t\t\t\t<div class=\"elementor-element elementor-element-42e7733 elementor-align-justify elementor-widget elementor-widget-button\" data-id=\"42e7733\" data-element_type=\"widget\" data-e-type=\"widget\" data-widget_type=\"button.default\">\n\t\t\t\t<div class=\"elementor-widget-container\">\n\t\t\t\t\t\t\t\t\t<div class=\"elementor-button-wrapper\">\n\t\t\t\t\t<a class=\"elementor-button elementor-button-link elementor-size-sm\" href=\"\/de\/taucher-medizinisch\/\">\n\t\t\t\t\t\t<span class=\"elementor-button-content-wrapper\">\n\t\t\t\t\t\t<span class=\"elementor-button-icon\">\n\t\t\t\t<i aria-hidden=\"true\" class=\"fab fa-wpforms\"><\/i>\t\t\t<\/span>\n\t\t\t\t\t\t\t\t\t<span class=\"elementor-button-text\">Zum Online-Formular gehen<\/span>\n\t\t\t\t\t<\/span>\n\t\t\t\t\t<\/a>\n\t\t\t\t<\/div>\n\t\t\t\t\t\t\t\t<\/div>\n\t\t\t\t<\/div>\n\t\t\t\t<\/div>\n\t\t<div class=\"elementor-element elementor-element-7954d0f e-con-full elementor-hidden-desktop elementor-hidden-tablet_extra elementor-hidden-tablet elementor-hidden-mobile e-flex e-con e-parent\" data-id=\"7954d0f\" data-element_type=\"container\" data-e-type=\"container\">\n\t\t\t\t<div class=\"elementor-element elementor-element-8044a0a elementor-widget__width-auto elementor-view-default elementor-widget elementor-widget-icon\" data-id=\"8044a0a\" data-element_type=\"widget\" data-e-type=\"widget\" data-widget_type=\"icon.default\">\n\t\t\t\t<div class=\"elementor-widget-container\">\n\t\t\t\t\t\t\t<div class=\"elementor-icon-wrapper\">\n\t\t\t<div class=\"elementor-icon\">\n\t\t\t<i aria-hidden=\"true\" class=\"fas fa-shield-virus\"><\/i>\t\t\t<\/div>\n\t\t<\/div>\n\t\t\t\t\t\t<\/div>\n\t\t\t\t<\/div>\n\t\t\t\t<div class=\"elementor-element elementor-element-afa3e6f elementor-widget-tablet__width-auto elementor-widget elementor-widget-heading\" data-id=\"afa3e6f\" data-element_type=\"widget\" data-e-type=\"widget\" data-widget_type=\"heading.default\">\n\t\t\t\t<div class=\"elementor-widget-container\">\n\t\t\t\t\t<p class=\"elementor-heading-title elementor-size-default\">Dieses Formular ist obligatorisch f\u00fcr <strong>jede T\u00e4tigkeit<\/strong> mit uns gemacht.<\/p>\t\t\t\t<\/div>\n\t\t\t\t<\/div>\n\t\t\t\t<div class=\"elementor-element elementor-element-67f4393 elementor-widget-divider--view-line elementor-widget elementor-widget-divider\" data-id=\"67f4393\" data-element_type=\"widget\" data-e-type=\"widget\" data-widget_type=\"divider.default\">\n\t\t\t\t<div class=\"elementor-widget-container\">\n\t\t\t\t\t\t\t<div class=\"elementor-divider\">\n\t\t\t<span class=\"elementor-divider-separator\">\n\t\t\t\t\t\t<\/span>\n\t\t<\/div>\n\t\t\t\t\t\t<\/div>\n\t\t\t\t<\/div>\n\t\t\t\t<div class=\"elementor-element elementor-element-2711cdd elementor-widget elementor-widget-heading\" data-id=\"2711cdd\" data-element_type=\"widget\" data-e-type=\"widget\" data-widget_type=\"heading.default\">\n\t\t\t\t<div class=\"elementor-widget-container\">\n\t\t\t\t\t<h5 class=\"elementor-heading-title elementor-size-default\">Formular Gesundheitserkl\u00e4rung \/ COVID-19<\/h5>\t\t\t\t<\/div>\n\t\t\t\t<\/div>\n\t\t\t\t<div class=\"elementor-element elementor-element-d46d532 elementor-widget elementor-widget-text-editor\" data-id=\"d46d532\" data-element_type=\"widget\" data-e-type=\"widget\" data-widget_type=\"text-editor.default\">\n\t\t\t\t<div class=\"elementor-widget-container\">\n\t\t\t\t\t\t\t\t\t<div class=\"page\" title=\"Seite 1\"><div class=\"layoutArea\"><div class=\"column\"><p>Der Zweck dieses medizinischen Fragebogens ist es, sicherzustellen, dass du medizinisch fit zum Tauchen bist. Bitte beantworte die folgenden Fragen mit JA oder NEIN. Wenn du dir nicht sicher bist, antworte mit JA. Eine positive Antwort bedeutet, dass es m\u00f6glicherweise eine Vorerkrankung gibt, die deine Sicherheit beim Tauchen beeintr\u00e4chtigen k\u00f6nnte. Wenn einer dieser Punkte auf dich zutrifft, m\u00fcssen wir dich bitten, einen Arzt, vorzugsweise einen Facharzt f\u00fcr Tauchmedizin, zu konsultieren, bevor du an Tauchaktivit\u00e4ten teilnimmst.<\/p><\/div><\/div><\/div>\t\t\t\t\t\t\t\t<\/div>\n\t\t\t\t<\/div>\n\t\t\t\t<div class=\"elementor-element elementor-element-2fe863b elementor-align-justify elementor-widget elementor-widget-button\" data-id=\"2fe863b\" data-element_type=\"widget\" data-e-type=\"widget\" data-widget_type=\"button.default\">\n\t\t\t\t<div class=\"elementor-widget-container\">\n\t\t\t\t\t\t\t\t\t<div class=\"elementor-button-wrapper\">\n\t\t\t\t\t<a class=\"elementor-button elementor-button-link elementor-size-sm\" href=\"\/de\/gesundheitserklarung-formular-covid-19\/\">\n\t\t\t\t\t\t<span class=\"elementor-button-content-wrapper\">\n\t\t\t\t\t\t<span class=\"elementor-button-icon\">\n\t\t\t\t<i aria-hidden=\"true\" class=\"fab fa-wpforms\"><\/i>\t\t\t<\/span>\n\t\t\t\t\t\t\t\t\t<span class=\"elementor-button-text\">Zum Online-Formular gehen<\/span>\n\t\t\t\t\t<\/span>\n\t\t\t\t\t<\/a>\n\t\t\t\t<\/div>\n\t\t\t\t\t\t\t\t<\/div>\n\t\t\t\t<\/div>\n\t\t\t\t<\/div>\n\t\t\t\t<\/div>\n\t\t\t\t<\/div>","protected":false},"excerpt":{"rendered":"<p>Useful documents Documents required to carry out activities For any other information please contact us via Whatsapp, email or call us Liability release form All of our excursions require the completion of this form Before to make an excursion with us it is important to fill up this form to correctly do the checkin procedures. [&hellip;]<\/p>\n","protected":false},"author":1,"featured_media":0,"parent":0,"menu_order":9,"comment_status":"closed","ping_status":"closed","template":"elementor_header_footer","meta":{"footnotes":""},"class_list":["post-10689","page","type-page","status-publish","hentry"],"_links":{"self":[{"href":"https:\/\/archeodiving.it\/de\/wp-json\/wp\/v2\/pages\/10689","targetHints":{"allow":["GET"]}}],"collection":[{"href":"https:\/\/archeodiving.it\/de\/wp-json\/wp\/v2\/pages"}],"about":[{"href":"https:\/\/archeodiving.it\/de\/wp-json\/wp\/v2\/types\/page"}],"author":[{"embeddable":true,"href":"https:\/\/archeodiving.it\/de\/wp-json\/wp\/v2\/users\/1"}],"replies":[{"embeddable":true,"href":"https:\/\/archeodiving.it\/de\/wp-json\/wp\/v2\/comments?post=10689"}],"version-history":[{"count":0,"href":"https:\/\/archeodiving.it\/de\/wp-json\/wp\/v2\/pages\/10689\/revisions"}],"wp:attachment":[{"href":"https:\/\/archeodiving.it\/de\/wp-json\/wp\/v2\/media?parent=10689"}],"curies":[{"name":"wp","href":"https:\/\/api.w.org\/{rel}","templated":true}]}}