{"id":101,"date":"2023-04-27T18:50:16","date_gmt":"2023-04-27T16:50:16","guid":{"rendered":"https:\/\/archeodiving.it\/?post_type=product&#038;p=101"},"modified":"2025-08-13T08:29:08","modified_gmt":"2025-08-13T06:29:08","slug":"tauchen-ausflug-um-capo-carbonara","status":"publish","type":"product","link":"https:\/\/archeodiving.it\/de\/prodotto\/scuba-diving-excursion-around-capo-carbonara","title":{"rendered":"Tauchausflug - Villasimius - Sardinien"},"content":{"rendered":"<div id=\"pgc-192-7-1\" class=\"panel-grid-cell\">\n<div id=\"panel-192-7-1-0\" class=\"so-panel widget widget_sow-editor panel-first-child panel-last-child\" data-index=\"14\">\n<div class=\"so-widget-sow-editor so-widget-sow-editor-base\">\n<div class=\"siteorigin-widget-tinymce textwidget\">\n<div id=\"pgc-192-7-1\" class=\"panel-grid-cell\">\n<div id=\"panel-192-7-1-0\" class=\"so-panel widget widget_sow-editor panel-first-child panel-last-child\" data-index=\"14\">\n<div class=\"so-widget-sow-editor so-widget-sow-editor-base\">\n<div class=\"siteorigin-widget-tinymce textwidget\">\n<p>Mach den besten Scuba Diving Ausflug in Villasimius!<br \/>\nOb du ein Experte oder ein Anf\u00e4nger bist, wir bieten t\u00e4glich Tauchausfl\u00fcge zu vielen fantastischen Tauchpl\u00e4tzen an. W\u00e4hle zwischen vielen atemberaubenden Tauchpl\u00e4tzen, egal ob du tief oder flach tauchen willst, wir sind sicher, dass du zufrieden zur\u00fcckkommen wirst. Du kannst dich f\u00fcr einen Einzel- oder Doppeltauchgang entscheiden... wie auch immer du dich entscheidest, verpasse nicht die Gelegenheit, im Meeresschutzgebiet von Capo Carbonara, Villasimius, zu tauchen!<\/p>\n<p><strong>* Der Ausflug zum Tauchen ist nur f\u00fcr lizenzierte Taucher.<\/strong><\/p>\n<\/div>\n<\/div>\n<\/div>\n<\/div>\n<\/div>\n<\/div>\n<\/div>\n<\/div>\n<div id=\"pgc-192-7-2\" class=\"panel-grid-cell panel-grid-cell-mobile-last\">\n<div id=\"panel-192-7-2-0\" class=\"so-panel widget widget_bwp_gallery bwp_gallery panel-first-child panel-last-child\" data-index=\"15\">\n<div id=\"bwg_container1_0\" class=\"bwg_container bwg_thumbnail bwg_thumbnails\" data-right-click-protection=\"0\" data-bwg=\"0\" data-lightbox-url=\"http:\/\/www.archeodiving.com\/wp\/wp-admin\/admin-ajax.php?action=GalleryBox&amp;tags=0&amp;current_view=0&amp;gallery_id=5&amp;theme_id=1&amp;thumb_width=250&amp;thumb_height=175&amp;open_with_fullscreen=0&amp;open_with_autoplay=0&amp;image_width=800&amp;image_height=500&amp;image_effect=fade&amp;wd_sor=order&amp;wd_ord=ASC&amp;enable_image_filmstrip=1&amp;image_filmstrip_height=70&amp;enable_image_ctrl_btn=1&amp;enable_image_fullscreen=1&amp;popup_enable_info=1&amp;popup_info_always_show=0&amp;popup_info_full_width=0&amp;popup_hit_counter=0&amp;popup_enable_rate=0&amp;slideshow_interval=5&amp;enable_comment_social=1&amp;enable_image_facebook=1&amp;enable_image_twitter=1&amp;enable_image_google=1&amp;enable_image_ecommerce=0&amp;enable_image_pinterest=0&amp;enable_image_tumblr=0&amp;watermark_type=none&amp;slideshow_effect_duration=1&amp;current_url=http%3A%2F%2Fwww.archeodiving.com%2Fwp%2F%3Flang%3Den&amp;popup_enable_email=0&amp;popup_enable_captcha=0&amp;comment_moderation=0&amp;autohide_lightbox_navigation=1&amp;popup_enable_fullsize_image=0&amp;popup_enable_download=0&amp;show_image_counts=0&amp;enable_loop=1&amp;enable_addthis=0&amp;addthis_profile_id\" data-gallery-id=\"5\" data-popup-width=\"800\" data-popup-height=\"500\" data-buttons-position=\"bottom\">\n<div id=\"bwg_container2_0\">\n<div id=\"bwg_container3_0\" class=\"bwg-background bwg-background-0\">\n<div id=\"bwg_thumbnails_0\" class=\"bwg-container-0 bwg-thumbnails bwg-standard-thumbnails bwg-container bwg-border-box\" data-max-count=\"4\" data-thumbnail-width=\"250\" data-bwg=\"0\" data-gallery-id=\"5\" data-lightbox-url=\"http:\/\/www.archeodiving.com\/wp\/wp-admin\/admin-ajax.php?action=GalleryBox&amp;tags=0&amp;current_view=0&amp;gallery_id=5&amp;theme_id=1&amp;thumb_width=250&amp;thumb_height=175&amp;open_with_fullscreen=0&amp;open_with_autoplay=0&amp;image_width=800&amp;image_height=500&amp;image_effect=fade&amp;wd_sor=order&amp;wd_ord=ASC&amp;enable_image_filmstrip=1&amp;image_filmstrip_height=70&amp;enable_image_ctrl_btn=1&amp;enable_image_fullscreen=1&amp;popup_enable_info=1&amp;popup_info_always_show=0&amp;popup_info_full_width=0&amp;popup_hit_counter=0&amp;popup_enable_rate=0&amp;slideshow_interval=5&amp;enable_comment_social=1&amp;enable_image_facebook=1&amp;enable_image_twitter=1&amp;enable_image_google=1&amp;enable_image_ecommerce=0&amp;enable_image_pinterest=0&amp;enable_image_tumblr=0&amp;watermark_type=none&amp;slideshow_effect_duration=1&amp;current_url=http%3A%2F%2Fwww.archeodiving.com%2Fwp%2F%3Flang%3Den&amp;popup_enable_email=0&amp;popup_enable_captcha=0&amp;comment_moderation=0&amp;autohide_lightbox_navigation=1&amp;popup_enable_fullsize_image=0&amp;popup_enable_download=0&amp;show_image_counts=0&amp;enable_loop=1&amp;enable_addthis=0&amp;addthis_profile_id\">\n<div class=\"bwg-item\">\n<div class=\"bwg-item0\">\n<div class=\"bwg-item1\">\n<div class=\"\"><\/div>\n<\/div>\n<\/div>\n<\/div>\n<\/div>\n<\/div>\n<\/div>\n<\/div>\n<\/div>\n<\/div>","protected":false},"excerpt":{"rendered":"<p>Mach den besten Tauchausflug in Villasimius!<br \/>\nOb du ein Experte oder ein Anf\u00e4nger bist, wir bieten t\u00e4glich Tauchausfl\u00fcge zu vielen fantastischen Tauchpl\u00e4tzen an. W\u00e4hle zwischen vielen atemberaubenden Tauchpl\u00e4tzen, egal ob du tief oder flach tauchen willst, wir sind sicher, dass du zufrieden zur\u00fcckkommen wirst. Du kannst dich f\u00fcr einen Einzel- oder Doppeltauchgang entscheiden... wie auch immer du dich entscheidest, verpasse nicht die Gelegenheit, im Meeresschutzgebiet von Capo Carbonara, Villasimius, zu tauchen!<\/p>\n<p><strong>* Der Ausflug zum Tauchen ist nur f\u00fcr lizenzierte Taucher.<\/strong><\/p>","protected":false},"featured_media":130,"comment_status":"open","ping_status":"closed","template":"","meta":[],"product_brand":[],"product_cat":[59,18,15,17],"product_tag":[],"class_list":{"0":"post-101","1":"product","2":"type-product","3":"status-publish","4":"has-post-thumbnail","6":"product_cat-all-excursions-and-services","7":"product_cat-scuba-diving-excursion","8":"product_cat-senza-categoria","9":"product_cat-wet-activities","11":"first","12":"instock","13":"virtual","14":"purchasable","15":"product-type-phive_booking"},"_links":{"self":[{"href":"https:\/\/archeodiving.it\/de\/wp-json\/wp\/v2\/product\/101","targetHints":{"allow":["GET"]}}],"collection":[{"href":"https:\/\/archeodiving.it\/de\/wp-json\/wp\/v2\/product"}],"about":[{"href":"https:\/\/archeodiving.it\/de\/wp-json\/wp\/v2\/types\/product"}],"replies":[{"embeddable":true,"href":"https:\/\/archeodiving.it\/de\/wp-json\/wp\/v2\/comments?post=101"}],"wp:featuredmedia":[{"embeddable":true,"href":"https:\/\/archeodiving.it\/de\/wp-json\/wp\/v2\/media\/130"}],"wp:attachment":[{"href":"https:\/\/archeodiving.it\/de\/wp-json\/wp\/v2\/media?parent=101"}],"wp:term":[{"taxonomy":"product_brand","embeddable":true,"href":"https:\/\/archeodiving.it\/de\/wp-json\/wp\/v2\/product_brand?post=101"},{"taxonomy":"product_cat","embeddable":true,"href":"https:\/\/archeodiving.it\/de\/wp-json\/wp\/v2\/product_cat?post=101"},{"taxonomy":"product_tag","embeddable":true,"href":"https:\/\/archeodiving.it\/de\/wp-json\/wp\/v2\/product_tag?post=101"}],"curies":[{"name":"wp","href":"https:\/\/api.w.org\/{rel}","templated":true}]}}