{"id":102,"date":"2023-04-27T18:50:16","date_gmt":"2023-04-27T16:50:16","guid":{"rendered":"https:\/\/archeodiving.it\/?post_type=product&#038;p=102"},"modified":"2024-04-25T14:03:45","modified_gmt":"2024-04-25T12:03:45","slug":"privat-ausflug-boot-und-crew-hiring-villasimius-sardegna","status":"publish","type":"product","link":"https:\/\/archeodiving.it\/de\/prodotto\/private-excursion-boat-and-crew-hiring-villasimius-sardegna","title":{"rendered":"Private Bootstour - Villasimius - Sardegna"},"content":{"rendered":"<p>M\u00f6chtest du das Meer mit dem Boot erkunden und dabei entspannen? Dann ist ein Bootsausflug an den K\u00fcsten des Meeresschutzgebiets genau das Richtige f\u00fcr dich. Du brauchst keinen Bootsf\u00fchrerschein! Wir stellen dir einen erfahrenen Skipper zur Seite, der dich zu den besten Pl\u00e4tzen bringt. Nimm also einfach dein Handtuch, deine Badehose und deine Kamera mit viel freiem Speicherplatz mit!<\/p>\n<p>Du kannst deiner Tour auch eine Aktivit\u00e4t deiner Wahl hinzuf\u00fcgen oder du kannst deine Tour einfach nur genie\u00dfen, indem du nichts tust oder einfach schwimmen gehst, wo und wann wir anhalten.<\/p>\n<ul>\n<li><strong><em>Private Bootstouren sind m\u00f6glich, wenn du mindestens 3 Tage vorher buchst.<\/em><\/strong><\/li>\n<li><strong><em>Wir k\u00f6nnen maximal 14 Personen pro Tour mitnehmen.<\/em><\/strong><\/li>\n<li><em><strong>Snacks und Erfrischungen inklusive.<\/strong><br \/>\n<\/em><\/li>\n<\/ul>","protected":false},"excerpt":{"rendered":"<p>M\u00f6chtest du das Meer mit dem Boot erkunden und dabei entspannen? Dann ist ein Bootsausflug an den K\u00fcsten des Meeresschutzgebiets genau das Richtige f\u00fcr dich. Du brauchst keinen Bootsf\u00fchrerschein! Wir stellen dir einen erfahrenen Skipper zur Seite, der dich zu den besten Pl\u00e4tzen bringt. Also, nimm dein Handtuch, deinen Schwimmer und deine Kamera mit viel freiem Speicherplatz mit!<\/p>\n<p>Du kannst deiner Tour auch eine Aktivit\u00e4t deiner Wahl hinzuf\u00fcgen oder du kannst deine Tour einfach nur genie\u00dfen, indem du nichts tust oder einfach schwimmen gehst, wo und wann wir anhalten.<\/p>\n<ul>\n<li><strong><em>Private Bootstouren sind m\u00f6glich, wenn du mindestens 3 Tage vorher buchst.<\/em><\/strong><\/li>\n<li><strong><em>Wir k\u00f6nnen maximal 8 Personen pro Tour mitnehmen.<\/em><\/strong><\/li>\n<li><strong><em>Snacks und Erfrischungen inklusive.<\/em><\/strong><\/li>\n<\/ul>","protected":false},"featured_media":131,"comment_status":"open","ping_status":"closed","template":"","meta":[],"product_brand":[],"product_cat":[59,20,22,21,65,15,17],"product_tag":[],"class_list":{"0":"post-102","1":"product","2":"type-product","3":"status-publish","4":"has-post-thumbnail","6":"product_cat-all-excursions-and-services","7":"product_cat-dry-or-semi-dry-activities","8":"product_cat-kayak-and-sup-rental-service","9":"product_cat-private-boat-excursion","10":"product_cat-product-with-request-form","11":"product_cat-senza-categoria","12":"product_cat-wet-activities","14":"first","15":"instock","16":"virtual","17":"purchasable","18":"product-type-phive_booking"},"_links":{"self":[{"href":"https:\/\/archeodiving.it\/de\/wp-json\/wp\/v2\/product\/102","targetHints":{"allow":["GET"]}}],"collection":[{"href":"https:\/\/archeodiving.it\/de\/wp-json\/wp\/v2\/product"}],"about":[{"href":"https:\/\/archeodiving.it\/de\/wp-json\/wp\/v2\/types\/product"}],"replies":[{"embeddable":true,"href":"https:\/\/archeodiving.it\/de\/wp-json\/wp\/v2\/comments?post=102"}],"wp:featuredmedia":[{"embeddable":true,"href":"https:\/\/archeodiving.it\/de\/wp-json\/wp\/v2\/media\/131"}],"wp:attachment":[{"href":"https:\/\/archeodiving.it\/de\/wp-json\/wp\/v2\/media?parent=102"}],"wp:term":[{"taxonomy":"product_brand","embeddable":true,"href":"https:\/\/archeodiving.it\/de\/wp-json\/wp\/v2\/product_brand?post=102"},{"taxonomy":"product_cat","embeddable":true,"href":"https:\/\/archeodiving.it\/de\/wp-json\/wp\/v2\/product_cat?post=102"},{"taxonomy":"product_tag","embeddable":true,"href":"https:\/\/archeodiving.it\/de\/wp-json\/wp\/v2\/product_tag?post=102"}],"curies":[{"name":"wp","href":"https:\/\/api.w.org\/{rel}","templated":true}]}}