{"id":103,"date":"2023-04-27T18:50:16","date_gmt":"2023-04-27T16:50:16","guid":{"rendered":"https:\/\/archeodiving.it\/?post_type=product&#038;p=103"},"modified":"2024-04-25T14:01:47","modified_gmt":"2024-04-25T12:01:47","slug":"sup-and-kayak-hiring-service-villasimius-sardinia","status":"publish","type":"product","link":"https:\/\/archeodiving.it\/de\/prodotto\/sup-and-kayak-hiring-service-villasimius-sardinia","title":{"rendered":"SUP und KAYAK Verleihservice - Villasimius - Sardinien"},"content":{"rendered":"<p>Wird dir am Strand langweilig und du willst etwas Cooles unternehmen?<br \/>\nVielleicht hast du Lust, allein oder mit Freunden auf einem SUP oder Kajak zu paddeln! Buche dein Lieblings-Schwimmger\u00e4t \u00fcber unser einfaches und reibungsloses Online-Buchungssystem und hol dir ein Kajak oder ein SUP \u00fcber unseren stundenweisen Verleihservice.<\/p>\n<p>Wenn du an einem der nahe gelegenen Str\u00e4nde bist, bringen wir dir ein Kajak oder ein SUP direkt zu dir und holen es wieder ab, wenn du deine Mietzeit beendet hast.<\/p>\n<p><strong>*Kajaks und SUPs k\u00f6nnen nur von Erwachsenen oder Kindern (+12) in Begleitung ausgeliehen werden, t\u00e4glich von 9 bis 17 Uhr.<\/strong><\/p>","protected":false},"excerpt":{"rendered":"<p>Wird dir am Strand langweilig und du willst etwas Cooles unternehmen?<br \/>\nVielleicht hast du Lust, allein oder mit Freunden auf einem SUP oder Kajak zu paddeln! Buche dein Lieblings-Schwimmger\u00e4t \u00fcber unser einfaches und reibungsloses Online-Buchungssystem und hol dir ein Kajak oder ein SUP \u00fcber unseren stundenweisen Verleihservice.<\/p>\n<p>Wenn du an einem der nahe gelegenen Str\u00e4nde bist, bringen wir dir ein Kajak oder ein SUP direkt zu dir und holen es wieder ab, wenn du deine Mietzeit beendet hast.<\/p>\n<p><strong>*Kajaks und SUPs k\u00f6nnen nur von Erwachsenen oder Kindern (+12) in Begleitung ausgeliehen werden, t\u00e4glich von 9 bis 17 Uhr.<\/strong><\/p>","protected":false},"featured_media":158,"comment_status":"open","ping_status":"closed","template":"","meta":[],"product_brand":[],"product_cat":[59,20,22,23,15,24],"product_tag":[],"class_list":{"0":"post-103","1":"product","2":"type-product","3":"status-publish","4":"has-post-thumbnail","6":"product_cat-all-excursions-and-services","7":"product_cat-dry-or-semi-dry-activities","8":"product_cat-kayak-and-sup-rental-service","9":"product_cat-kayak-excursion","10":"product_cat-senza-categoria","11":"product_cat-stand-up-paddle-excursion","13":"first","14":"instock","15":"virtual","16":"purchasable","17":"product-type-phive_booking"},"_links":{"self":[{"href":"https:\/\/archeodiving.it\/de\/wp-json\/wp\/v2\/product\/103","targetHints":{"allow":["GET"]}}],"collection":[{"href":"https:\/\/archeodiving.it\/de\/wp-json\/wp\/v2\/product"}],"about":[{"href":"https:\/\/archeodiving.it\/de\/wp-json\/wp\/v2\/types\/product"}],"replies":[{"embeddable":true,"href":"https:\/\/archeodiving.it\/de\/wp-json\/wp\/v2\/comments?post=103"}],"wp:featuredmedia":[{"embeddable":true,"href":"https:\/\/archeodiving.it\/de\/wp-json\/wp\/v2\/media\/158"}],"wp:attachment":[{"href":"https:\/\/archeodiving.it\/de\/wp-json\/wp\/v2\/media?parent=103"}],"wp:term":[{"taxonomy":"product_brand","embeddable":true,"href":"https:\/\/archeodiving.it\/de\/wp-json\/wp\/v2\/product_brand?post=103"},{"taxonomy":"product_cat","embeddable":true,"href":"https:\/\/archeodiving.it\/de\/wp-json\/wp\/v2\/product_cat?post=103"},{"taxonomy":"product_tag","embeddable":true,"href":"https:\/\/archeodiving.it\/de\/wp-json\/wp\/v2\/product_tag?post=103"}],"curies":[{"name":"wp","href":"https:\/\/api.w.org\/{rel}","templated":true}]}}