{"id":156,"date":"2023-04-27T18:50:28","date_gmt":"2023-04-27T16:50:28","guid":{"rendered":"https:\/\/archeodiving.it\/?post_type=product&#038;p=156"},"modified":"2024-04-25T13:59:39","modified_gmt":"2024-04-25T11:59:39","slug":"sonnenuntergang-kajak-exkursion-villasimius-sardinien","status":"publish","type":"product","link":"https:\/\/archeodiving.it\/de\/prodotto\/sunset-kayak-excursion-villasimius-sardinia","title":{"rendered":"Exklusive Kajak-Exkursion bei Sonnenuntergang - Villasimius - Sardinien"},"content":{"rendered":"<p>Entdecke die Sch\u00f6nheit der K\u00fcste von Villasimius bei Sonnenuntergang bei diesem unvergesslichen, exklusiven Kajakabenteuer. Dieses Erlebnis ist f\u00fcr diejenigen gedacht, die einen Ausflug zu zweit, mit der Familie oder mit einer Gruppe von Freunden ohne andere Teilnehmer machen wollen. W\u00e4hrend du durch das kristallklare Wasser paddelst, genie\u00dft du spektakul\u00e4re Ausblicke auf die zerkl\u00fcftete K\u00fcste und ihre Naturwunder. Die Tour beginnt mit einer Sicherheitseinweisung und einer Einweisung in den Gebrauch des Kajaks. Dann beginnt das Abenteuer mit der Erkundung von versteckten Buchten, Meeresarmen und H\u00f6hlen, die alle au\u00dfergew\u00f6hnliche Anblicke und Ger\u00e4usche bieten, die dir den Atem rauben werden. Erfahrene Guides teilen ihr umfangreiches Wissen \u00fcber die Flora und Fauna der Region und geben Einblicke in die lokale Kultur. Du wirst viel Zeit haben, die Umgebung zu bewundern, Fotos zu machen und einen Snack zu genie\u00dfen, w\u00e4hrend du die Ruhe des Sonnenuntergangs genie\u00dft. Egal, ob du ein Anf\u00e4nger oder ein Experte bist, diese Tour wird mit Sicherheit einer der H\u00f6hepunkte deines Urlaubs in Villasimius sein.<\/p>\n<p>Wir bieten brandneue und sichere Ausr\u00fcstung und professionelle Guides.<\/p>\n<p>* Kajaks werden stundenweise vermietet oder sind in einem gef\u00fchrten Ausflug enthalten.<br \/>\n* Die Kajaktour ist f\u00fcr jeden geeignet.<br \/>\n* Kajaktouren und Ausfl\u00fcge werden jeden Tag angeboten.<\/p>","protected":false},"excerpt":{"rendered":"<p>Entdecke die Sch\u00f6nheit der K\u00fcste von Villasimius bei Sonnenuntergang bei diesem unvergesslichen, exklusiven Kajakabenteuer. Dieses Erlebnis ist f\u00fcr diejenigen gedacht, die einen Ausflug zu zweit, mit der Familie oder mit einer Gruppe von Freunden ohne andere Teilnehmer machen wollen. W\u00e4hrend du durch das kristallklare Wasser paddelst, genie\u00dft du spektakul\u00e4re Ausblicke auf die zerkl\u00fcftete K\u00fcste und ihre Naturwunder. Die Tour beginnt mit einer Sicherheitseinweisung und einer Einweisung in den Gebrauch des Kajaks. Dann beginnt das Abenteuer mit der Erkundung von versteckten Buchten, Meeresarmen und H\u00f6hlen, die alle au\u00dfergew\u00f6hnliche Anblicke und Ger\u00e4usche bieten, die dir den Atem rauben werden. Erfahrene Guides teilen ihr umfangreiches Wissen \u00fcber die Flora und Fauna der Region und geben Einblicke in die lokale Kultur. Du wirst viel Zeit haben, die Umgebung zu bewundern, Fotos zu machen und einen Snack zu genie\u00dfen, w\u00e4hrend du die Ruhe des Sonnenuntergangs genie\u00dft. Egal, ob du ein Anf\u00e4nger oder ein Experte bist, diese Tour wird mit Sicherheit einer der H\u00f6hepunkte deines Urlaubs in Villasimius sein.<\/p>\n<p>Wir bieten brandneue und sichere Ausr\u00fcstung und professionelle Guides.<\/p>\n<p>* Kajaks werden stundenweise vermietet oder sind in einem gef\u00fchrten Ausflug enthalten.<br \/>\n* Die Kajaktour ist f\u00fcr jeden geeignet.<br \/>\n* Kajaktouren und Ausfl\u00fcge werden jeden Tag angeboten.<\/p>","protected":false},"featured_media":163,"comment_status":"open","ping_status":"closed","template":"","meta":[],"product_brand":[],"product_cat":[59,20,64,23,15],"product_tag":[],"class_list":{"0":"post-156","1":"product","2":"type-product","3":"status-publish","4":"has-post-thumbnail","6":"product_cat-all-excursions-and-services","7":"product_cat-dry-or-semi-dry-activities","8":"product_cat-exclusive-excursions-and-tours","9":"product_cat-kayak-excursion","10":"product_cat-senza-categoria","12":"first","13":"instock","14":"virtual","15":"purchasable","16":"product-type-phive_booking"},"_links":{"self":[{"href":"https:\/\/archeodiving.it\/de\/wp-json\/wp\/v2\/product\/156","targetHints":{"allow":["GET"]}}],"collection":[{"href":"https:\/\/archeodiving.it\/de\/wp-json\/wp\/v2\/product"}],"about":[{"href":"https:\/\/archeodiving.it\/de\/wp-json\/wp\/v2\/types\/product"}],"replies":[{"embeddable":true,"href":"https:\/\/archeodiving.it\/de\/wp-json\/wp\/v2\/comments?post=156"}],"wp:featuredmedia":[{"embeddable":true,"href":"https:\/\/archeodiving.it\/de\/wp-json\/wp\/v2\/media\/163"}],"wp:attachment":[{"href":"https:\/\/archeodiving.it\/de\/wp-json\/wp\/v2\/media?parent=156"}],"wp:term":[{"taxonomy":"product_brand","embeddable":true,"href":"https:\/\/archeodiving.it\/de\/wp-json\/wp\/v2\/product_brand?post=156"},{"taxonomy":"product_cat","embeddable":true,"href":"https:\/\/archeodiving.it\/de\/wp-json\/wp\/v2\/product_cat?post=156"},{"taxonomy":"product_tag","embeddable":true,"href":"https:\/\/archeodiving.it\/de\/wp-json\/wp\/v2\/product_tag?post=156"}],"curies":[{"name":"wp","href":"https:\/\/api.w.org\/{rel}","templated":true}]}}