{"id":31221,"date":"2025-05-18T09:33:47","date_gmt":"2025-05-18T07:33:47","guid":{"rendered":"https:\/\/archeodiving.it\/?post_type=product&#038;p=31221"},"modified":"2025-05-20T08:39:12","modified_gmt":"2025-05-20T06:39:12","slug":"schnorchel-geschenkkarte","status":"publish","type":"product","link":"https:\/\/archeodiving.it\/de\/prodotto\/snorkeling-gift-card","title":{"rendered":"Schnorcheltour Geschenkkarte"},"content":{"rendered":"<h3><strong>Schnorchel-Geschenkkarte - Capo Carbonara Marine Park, Sardinien | 24-Monats-G\u00fcltigkeit<\/strong><\/h3>\n<p class=\"ds-markdown-paragraph\"><strong>Entdecke die Unterwasserwunder Sardiniens mit einem flexiblen Geschenkgutschein f\u00fcr Schnorchelausfl\u00fcge!<\/strong><\/p>\n<p class=\"ds-markdown-paragraph\">Verschenke ein Abenteuer mit unserem\u00a0<strong>Schnorcheln Geschenkkarte<\/strong>, g\u00fcltig f\u00fcr\u00a0<strong>24 Monate<\/strong>\u00a0in der atemberaubenden\u00a0<strong>Meeresschutzgebiet von Capo Carbonara, Villasimius (Sardinien, Italien)<\/strong>. Diese gef\u00fchrte Schnorcheltour ist perfekt f\u00fcr Meeresliebhaber, denn sie erm\u00f6glicht es dir, die lebendige Unterwasserwelt, das kristallklare Wasser und die unber\u00fchrten Seegraswiesen in einem der\u00a0<strong>Die besten Schnorchelpl\u00e4tze Sardiniens<\/strong>!<\/p>\n<p>&nbsp;<\/p>\n<h4><strong>Die wichtigsten Merkmale deiner Schnorchel-Geschenkkarte:<\/strong><\/h4>\n<ul>\n<li class=\"ds-markdown-paragraph\"><strong>24-Monats-G\u00fcltigkeit<\/strong> - Du kannst jederzeit innerhalb von zwei Jahren buchen und bist damit sehr flexibel.<\/li>\n<li class=\"ds-markdown-paragraph\"><strong>Gef\u00fchrte Schnorcheltour<\/strong> - Sicherheit und Spa\u00df f\u00fcr Anf\u00e4nger und erfahrene Schnorchler (Ausr\u00fcstung inklusive).<\/li>\n<li class=\"ds-markdown-paragraph\"><strong>Umweltfreundlicher Ausflug<\/strong> - Unterst\u00fctzt nachhaltigen Tourismus in einem Meeresschutzgebiet.<\/li>\n<li class=\"ds-markdown-paragraph\"><strong>Sofortige digitale Lieferung<\/strong> - Perfekt f\u00fcr Geschenke in letzter Minute!<\/li>\n<li class=\"ds-markdown-paragraph\"><strong>Einl\u00f6sbar f\u00fcr andere Erlebnisse<\/strong>\u00a0- M\u00f6chtest du ein anderes Erlebnis? Kontaktiere den Kundenservice!<\/li>\n<\/ul>\n<p>&nbsp;<\/p>\n<p>&nbsp;<\/p>\n<h4><strong>Warum Schnorcheln in Capo Carbonara, Sardinien?<\/strong><\/h4>\n<ul>\n<li class=\"ds-markdown-paragraph\">Begegnen Sie\u00a0<strong>vielf\u00e4ltiges Meeresleben<\/strong> Barrakudas, Zackenbarsche, Tintenfische, Adlerrochen und mehr<\/li>\n<li class=\"ds-markdown-paragraph\">Einzigartig erforschen\u00a0<strong>Granit-Felsformationen<\/strong> atemberaubende Unterwasserlandschaften schaffen<\/li>\n<li class=\"ds-markdown-paragraph\">Schwimmen Sie in einigen der <strong>Die klarsten Gew\u00e4sser im Mittelmeer<\/strong> (Sichtweite bis zu 40 Meter)<\/li>\n<li class=\"ds-markdown-paragraph\">Entdecken Sie eine der <strong>Sardiniens am meisten gesch\u00fctzte und unber\u00fchrte Meeres\u00f6kosysteme<\/strong><\/li>\n<li class=\"ds-markdown-paragraph\">Genie\u00dfen Sie eine\u00a0<strong>entspannend und doch abenteuerlich<\/strong>\u00a0Halbtagesausflug ins Paradies.<\/li>\n<\/ul>\n<h4><strong>Wie es funktioniert:<\/strong><\/h4>\n<ul>\n<li class=\"ds-markdown-paragraph\"><strong>Kaufen<\/strong> die Geschenkkarte online (sofortige Zustellung per E-Mail).<\/li>\n<li class=\"ds-markdown-paragraph\"><strong>Der Empf\u00e4nger kann reservieren<\/strong> ihren Wunschtermin innerhalb von 24 Monaten.<\/li>\n<li class=\"ds-markdown-paragraph\"><strong>Tauche ein!<\/strong> Ein unvergessliches Schnorchelerlebnis erwartet dich.<\/li>\n<\/ul>\n<p>&nbsp;<\/p>\n<p class=\"ds-markdown-paragraph\"><strong>Perfekt f\u00fcr Geburtstage, Jahrestage oder Abenteuer auf der Bucket List!<\/strong>\u00a0Verschenke noch heute den Unterwasserzauber Sardiniens.<\/p>\n<p>&nbsp;<\/p>\n<p class=\"ds-markdown-paragraph\"><strong>24 Monate lang g\u00fcltig<\/strong> | <strong>Das beste Schnorcheln auf Sardinien<\/strong> | <strong>Wildtiere und t\u00fcrkisblaue Gew\u00e4sser<\/strong><\/p>","protected":false},"excerpt":{"rendered":"<h3><strong>Schnorchel-Geschenkkarte - Capo Carbonara Marine Park, Sardinien | 24-Monats-G\u00fcltigkeit<\/strong><\/h3>\n<p class=\"ds-markdown-paragraph\"><strong>Entdecke die Unterwasserwunder Sardiniens mit einem flexiblen Geschenkgutschein f\u00fcr Schnorchelausfl\u00fcge!<\/strong><\/p>\n<p class=\"ds-markdown-paragraph\">Verschenke ein Abenteuer mit unserem\u00a0<strong>Schnorcheln Geschenkkarte<\/strong>, g\u00fcltig f\u00fcr\u00a0<strong>24 Monate<\/strong>\u00a0in der atemberaubenden\u00a0<strong>Meeresschutzgebiet von Capo Carbonara, Villasimius (Sardinien, Italien)<\/strong>. Diese gef\u00fchrte Schnorcheltour ist perfekt f\u00fcr Meeresliebhaber, denn sie erm\u00f6glicht es dir, die lebendige Unterwasserwelt, das kristallklare Wasser und die unber\u00fchrten Seegraswiesen in einem der\u00a0<strong>Die besten Schnorchelpl\u00e4tze Sardiniens<\/strong>!<\/p>\n<p>&nbsp;<\/p>\n<h4><strong>Die wichtigsten Merkmale deiner Schnorchel-Geschenkkarte:<\/strong><\/h4>\n<ul>\n<li class=\"ds-markdown-paragraph\"><strong>24-Monats-G\u00fcltigkeit<\/strong> - Du kannst jederzeit innerhalb von zwei Jahren buchen und bist damit sehr flexibel.<\/li>\n<li class=\"ds-markdown-paragraph\"><strong>Gef\u00fchrte Schnorcheltour<\/strong> - Sicherheit und Spa\u00df f\u00fcr Anf\u00e4nger und erfahrene Schnorchler (Ausr\u00fcstung inklusive).<\/li>\n<li class=\"ds-markdown-paragraph\"><strong>Umweltfreundlicher Ausflug<\/strong> - Unterst\u00fctzt nachhaltigen Tourismus in einem Meeresschutzgebiet.<\/li>\n<li class=\"ds-markdown-paragraph\"><strong>Sofortige digitale Lieferung<\/strong> - Perfekt f\u00fcr Geschenke in letzter Minute!<\/li>\n<li class=\"ds-markdown-paragraph\"><strong>Einl\u00f6sbar f\u00fcr andere Erlebnisse<\/strong>\u00a0- M\u00f6chtest du ein anderes Erlebnis? Kontaktiere den Kundenservice!<\/li>\n<\/ul>\n<p>&nbsp;<\/p>\n<p>&nbsp;<\/p>\n<h4><strong>Warum Schnorcheln in Capo Carbonara, Sardinien?<\/strong><\/h4>\n<ul>\n<li class=\"ds-markdown-paragraph\">Begegnen Sie\u00a0<strong>vielf\u00e4ltiges Meeresleben<\/strong> Barrakudas, Zackenbarsche, Tintenfische, Adlerrochen und mehr<\/li>\n<li class=\"ds-markdown-paragraph\">Einzigartig erforschen\u00a0<strong>Granit-Felsformationen<\/strong> atemberaubende Unterwasserlandschaften schaffen<\/li>\n<li class=\"ds-markdown-paragraph\">Schwimmen Sie in einigen der <strong>Die klarsten Gew\u00e4sser im Mittelmeer<\/strong> (Sichtweite bis zu 40 Meter)<\/li>\n<li class=\"ds-markdown-paragraph\">Entdecken Sie eine der <strong>Sardiniens am meisten gesch\u00fctzte und unber\u00fchrte Meeres\u00f6kosysteme<\/strong><\/li>\n<li class=\"ds-markdown-paragraph\">Genie\u00dfen Sie eine\u00a0<strong>entspannend und doch abenteuerlich<\/strong>\u00a0Halbtagesausflug ins Paradies.<\/li>\n<\/ul>\n<h4><strong>Wie es funktioniert:<\/strong><\/h4>\n<ul>\n<li class=\"ds-markdown-paragraph\"><strong>Kaufen<\/strong> die Geschenkkarte online (sofortige Zustellung per E-Mail).<\/li>\n<li class=\"ds-markdown-paragraph\"><strong>Der Empf\u00e4nger kann reservieren<\/strong> ihren Wunschtermin innerhalb von 24 Monaten.<\/li>\n<li class=\"ds-markdown-paragraph\"><strong>Tauche ein!<\/strong> Ein unvergessliches Schnorchelerlebnis erwartet dich.<\/li>\n<\/ul>\n<p>&nbsp;<\/p>\n<p class=\"ds-markdown-paragraph\"><strong>Perfekt f\u00fcr Geburtstage, Jahrestage oder Abenteuer auf der Bucket List!<\/strong>\u00a0Verschenke noch heute den Unterwasserzauber Sardiniens.<\/p>\n<p>&nbsp;<\/p>\n<p class=\"ds-markdown-paragraph\"><strong>24 Monate lang g\u00fcltig<\/strong> | <strong>Das beste Schnorcheln auf Sardinien<\/strong> | <strong>Wildtiere und t\u00fcrkisblaue Gew\u00e4sser<\/strong><\/p>","protected":false},"featured_media":129,"comment_status":"open","ping_status":"closed","template":"","meta":[],"product_brand":[],"product_cat":[26],"product_tag":[],"class_list":{"0":"post-31221","1":"product","2":"type-product","3":"status-publish","4":"has-post-thumbnail","6":"product_cat-make-a-gift","8":"first","9":"instock","10":"shipping-taxable","11":"purchasable","12":"product-type-variable","13":"has-default-attributes"},"_links":{"self":[{"href":"https:\/\/archeodiving.it\/de\/wp-json\/wp\/v2\/product\/31221","targetHints":{"allow":["GET"]}}],"collection":[{"href":"https:\/\/archeodiving.it\/de\/wp-json\/wp\/v2\/product"}],"about":[{"href":"https:\/\/archeodiving.it\/de\/wp-json\/wp\/v2\/types\/product"}],"replies":[{"embeddable":true,"href":"https:\/\/archeodiving.it\/de\/wp-json\/wp\/v2\/comments?post=31221"}],"wp:featuredmedia":[{"embeddable":true,"href":"https:\/\/archeodiving.it\/de\/wp-json\/wp\/v2\/media\/129"}],"wp:attachment":[{"href":"https:\/\/archeodiving.it\/de\/wp-json\/wp\/v2\/media?parent=31221"}],"wp:term":[{"taxonomy":"product_brand","embeddable":true,"href":"https:\/\/archeodiving.it\/de\/wp-json\/wp\/v2\/product_brand?post=31221"},{"taxonomy":"product_cat","embeddable":true,"href":"https:\/\/archeodiving.it\/de\/wp-json\/wp\/v2\/product_cat?post=31221"},{"taxonomy":"product_tag","embeddable":true,"href":"https:\/\/archeodiving.it\/de\/wp-json\/wp\/v2\/product_tag?post=31221"}],"curies":[{"name":"wp","href":"https:\/\/api.w.org\/{rel}","templated":true}]}}