{"id":31376,"date":"2025-05-20T07:55:31","date_gmt":"2025-05-20T05:55:31","guid":{"rendered":"https:\/\/archeodiving.it\/?post_type=product&#038;p=31376"},"modified":"2025-08-19T19:35:51","modified_gmt":"2025-08-19T17:35:51","slug":"discover-scuba-geschenkkarte","status":"publish","type":"product","link":"https:\/\/archeodiving.it\/de\/prodotto\/discover-scuba-gift-card","title":{"rendered":"Discover Scuba Diving Geschenkkarte"},"content":{"rendered":"<h3><strong>Discover Scuba Diving Geschenkkarte - Capo Carbonara Marine Park, Sardinien | 24-Monats-G\u00fcltigkeit<\/strong><\/h3>\n<p class=\"ds-markdown-paragraph\"><strong>Tauche ein in Sardiniens Unterwasserparadies mit einer flexiblen Scuba Diving Geschenkkarte!<\/strong><\/p>\n<p class=\"ds-markdown-paragraph\">Schenke ein Geschenk\u00a0<strong>Unterwasser-Erkundung<\/strong>\u00a0mit unserem\u00a0<strong>Discover Scuba Diving Geschenkkarte<\/strong>, g\u00fcltig f\u00fcr\u00a0<strong>24 Monate<\/strong>\u00a0in der atemberaubenden\u00a0<strong>Meeresschutzgebiet von Capo Carbonara, Villasimius (Sardinien, Italien)<\/strong>. Perfekt f\u00fcr Abenteurer: Diese\u00a0<strong>Einf\u00fchrende Taucherfahrung<\/strong>\u00a0kannst du lebendige Korallenriffe, faszinierende Meeresbewohner und kristallklares Wasser in einem der\u00a0<strong>Sardiniens Top-Tauchziele<\/strong>-<strong>keine Zertifizierung erforderlich!<\/strong><\/p>\n<p>&nbsp;<\/p>\n<h3><strong>Die wichtigsten Merkmale deiner Discover Scuba Diving Geschenkkarte:<\/strong><\/h3>\n<ul>\n<li class=\"ds-markdown-paragraph\"><strong>24-Monats-G\u00fcltigkeit<\/strong> - Du kannst jederzeit innerhalb von zwei Jahren buchen und bist damit sehr flexibel.<\/li>\n<li class=\"ds-markdown-paragraph\"><strong>Gef\u00fchrtes Taucherlebnis<\/strong> - Sicher und anf\u00e4ngerfreundlich (inklusive kompletter Ausr\u00fcstung und professionellem Lehrer).<\/li>\n<li class=\"ds-markdown-paragraph\"><strong>Umweltfreundliches Abenteuer<\/strong> - Unterst\u00fctzt nachhaltigen Tourismus in einem Meeresschutzgebiet.<\/li>\n<li class=\"ds-markdown-paragraph\"><strong>Sofortige digitale Lieferung<\/strong> - Perfekt f\u00fcr Geschenke in letzter Minute!<\/li>\n<li class=\"ds-markdown-paragraph\"><strong>Einl\u00f6sbar f\u00fcr andere Aktivit\u00e4ten<\/strong>\u00a0- Du m\u00f6chtest lieber schnorcheln oder eine andere Tour machen? Kontaktiere den Kundenservice!<\/li>\n<\/ul>\n<p>&nbsp;<\/p>\n<h3><strong>Warum solltest du Discover Scuba Diving in Capo Carbonara, Sardinien ausprobieren?<\/strong><\/h3>\n<ul>\n<li class=\"ds-markdown-paragraph\">Begegnen Sie <strong>vielf\u00e4ltiges Meeresleben<\/strong>Barrakudas, Zackenbarsche, Tintenfische und Adlerrochen.<\/li>\n<li class=\"ds-markdown-paragraph\">Erforsche <strong>dramatische Granitformationen<\/strong> und Unterwasser-Szenen.<\/li>\n<li class=\"ds-markdown-paragraph\">Eintauchen <strong>einige der klarsten Gew\u00e4sser im Mittelmeer<\/strong> (Sichtweite bis zu 40 Meter!).<\/li>\n<li class=\"ds-markdown-paragraph\">Entdecke <strong>eines der unber\u00fchrtesten Meeres\u00f6kosysteme Sardiniens<\/strong>.<\/li>\n<li class=\"ds-markdown-paragraph\">Genie\u00dfen Sie eine <strong>Sicherer, beaufsichtigter erster Tauchgang<\/strong>\u00a0mit erfahrenen Guides.<\/li>\n<\/ul>\n<p>&nbsp;<\/p>\n<h4><strong>Wie es funktioniert:<\/strong><\/h4>\n<ul>\n<li><strong>Die Geschenkkarte online kaufen<\/strong> (sofortige Zustellung per E-Mail).<\/li>\n<li><strong>Der Empf\u00e4nger bucht seinen Wunschtermin<\/strong> innerhalb von 24 Monaten.<\/li>\n<li><strong>Tauche ein!<\/strong>\u00a0Ein unvergessliches Unterwasserabenteuer wartet auf dich.<\/li>\n<\/ul>\n<p>&nbsp;<\/p>\n<p class=\"ds-markdown-paragraph\"><strong>Perfekt f\u00fcr Geburtstage, Jahrestage oder Erlebnisse, die auf deiner Bucketlist stehen!<\/strong>\u00a0Schenke ein Geschenk\u00a0<strong>Sardiniens Unterwasserwunder<\/strong>\u00a0heute.<\/p>\n<p>&nbsp;<\/p>\n<p class=\"ds-markdown-paragraph\"><strong>24 Monate lang g\u00fcltig<\/strong>\u00a0 |\u00a0 <strong>Keine Zertifizierung erforderlich<\/strong>\u00a0 |\u00a0 <strong>Der beste Tauchplatz im Mittelmeer<\/strong><\/p>","protected":false},"excerpt":{"rendered":"<h3><strong>Discover Scuba Diving Geschenkkarte - Capo Carbonara Marine Park, Sardinien | 24-Monats-G\u00fcltigkeit<\/strong><\/h3>\n<p class=\"ds-markdown-paragraph\"><strong>Tauche ein in Sardiniens Unterwasserparadies mit einer flexiblen Scuba Diving Geschenkkarte!<\/strong><\/p>\n<p class=\"ds-markdown-paragraph\">Schenke ein Geschenk\u00a0<strong>Unterwasser-Erkundung<\/strong>\u00a0mit unserem\u00a0<strong>Discover Scuba Diving Geschenkkarte<\/strong>, g\u00fcltig f\u00fcr\u00a0<strong>24 Monate<\/strong>\u00a0in der atemberaubenden\u00a0<strong>Meeresschutzgebiet von Capo Carbonara, Villasimius (Sardinien, Italien)<\/strong>. Perfekt f\u00fcr Abenteurer: Diese\u00a0<strong>Einf\u00fchrende Taucherfahrung<\/strong>\u00a0kannst du lebendige Korallenriffe, faszinierende Meeresbewohner und kristallklares Wasser in einem der\u00a0<strong>Sardiniens Top-Tauchziele<\/strong>-<strong>keine Zertifizierung erforderlich!<\/strong><\/p>\n<p>&nbsp;<\/p>\n<h3><strong>Die wichtigsten Merkmale deiner Discover Scuba Diving Geschenkkarte:<\/strong><\/h3>\n<ul>\n<li class=\"ds-markdown-paragraph\"><strong>24-Monats-G\u00fcltigkeit<\/strong> - Du kannst jederzeit innerhalb von zwei Jahren buchen und bist damit sehr flexibel.<\/li>\n<li class=\"ds-markdown-paragraph\"><strong>Gef\u00fchrtes Taucherlebnis<\/strong> - Sicher und anf\u00e4ngerfreundlich (inklusive kompletter Ausr\u00fcstung und professionellem Lehrer).<\/li>\n<li class=\"ds-markdown-paragraph\"><strong>Umweltfreundliches Abenteuer<\/strong> - Unterst\u00fctzt nachhaltigen Tourismus in einem Meeresschutzgebiet.<\/li>\n<li class=\"ds-markdown-paragraph\"><strong>Sofortige digitale Lieferung<\/strong> - Perfekt f\u00fcr Geschenke in letzter Minute!<\/li>\n<li class=\"ds-markdown-paragraph\"><strong>Einl\u00f6sbar f\u00fcr andere Aktivit\u00e4ten<\/strong>\u00a0- Du m\u00f6chtest lieber schnorcheln oder eine andere Tour machen? Kontaktiere den Kundenservice!<\/li>\n<\/ul>\n<p>&nbsp;<\/p>\n<h3><strong>Warum solltest du Discover Scuba Diving in Capo Carbonara, Sardinien ausprobieren?<\/strong><\/h3>\n<ul>\n<li class=\"ds-markdown-paragraph\">Begegnen Sie <strong>vielf\u00e4ltiges Meeresleben<\/strong>Barrakudas, Zackenbarsche, Tintenfische und Adlerrochen.<\/li>\n<li class=\"ds-markdown-paragraph\">Erforsche <strong>dramatische Granitformationen<\/strong> und Unterwasser-Szenen.<\/li>\n<li class=\"ds-markdown-paragraph\">Eintauchen <strong>einige der klarsten Gew\u00e4sser im Mittelmeer<\/strong> (Sichtweite bis zu 40 Meter!).<\/li>\n<li class=\"ds-markdown-paragraph\">Entdecke <strong>eines der unber\u00fchrtesten Meeres\u00f6kosysteme Sardiniens<\/strong>.<\/li>\n<li class=\"ds-markdown-paragraph\">Genie\u00dfen Sie eine <strong>Sicherer, beaufsichtigter erster Tauchgang<\/strong>\u00a0mit erfahrenen Guides.<\/li>\n<\/ul>\n<p>&nbsp;<\/p>\n<h4><strong>Wie es funktioniert:<\/strong><\/h4>\n<ul>\n<li><strong>Die Geschenkkarte online kaufen<\/strong> (sofortige Zustellung per E-Mail).<\/li>\n<li><strong>Der Empf\u00e4nger bucht seinen Wunschtermin<\/strong> innerhalb von 24 Monaten.<\/li>\n<li><strong>Tauche ein!<\/strong>\u00a0Ein unvergessliches Unterwasserabenteuer wartet auf dich.<\/li>\n<\/ul>\n<p>&nbsp;<\/p>\n<p class=\"ds-markdown-paragraph\"><strong>Perfekt f\u00fcr Geburtstage, Jahrestage oder Erlebnisse, die auf deiner Bucketlist stehen!<\/strong>\u00a0Schenke ein Geschenk\u00a0<strong>Sardiniens Unterwasserwunder<\/strong>\u00a0heute.<\/p>\n<p>&nbsp;<\/p>\n<p class=\"ds-markdown-paragraph\"><strong>24 Monate lang g\u00fcltig<\/strong>\u00a0 |\u00a0 <strong>Keine Zertifizierung erforderlich<\/strong>\u00a0 |\u00a0 <strong>Der beste Tauchplatz im Mittelmeer<\/strong><\/p>","protected":false},"featured_media":26883,"comment_status":"open","ping_status":"closed","template":"","meta":[],"product_brand":[],"product_cat":[26],"product_tag":[],"class_list":{"0":"post-31376","1":"product","2":"type-product","3":"status-publish","4":"has-post-thumbnail","6":"product_cat-make-a-gift","8":"first","9":"instock","10":"shipping-taxable","11":"purchasable","12":"product-type-variable","13":"has-default-attributes"},"_links":{"self":[{"href":"https:\/\/archeodiving.it\/de\/wp-json\/wp\/v2\/product\/31376","targetHints":{"allow":["GET"]}}],"collection":[{"href":"https:\/\/archeodiving.it\/de\/wp-json\/wp\/v2\/product"}],"about":[{"href":"https:\/\/archeodiving.it\/de\/wp-json\/wp\/v2\/types\/product"}],"replies":[{"embeddable":true,"href":"https:\/\/archeodiving.it\/de\/wp-json\/wp\/v2\/comments?post=31376"}],"wp:featuredmedia":[{"embeddable":true,"href":"https:\/\/archeodiving.it\/de\/wp-json\/wp\/v2\/media\/26883"}],"wp:attachment":[{"href":"https:\/\/archeodiving.it\/de\/wp-json\/wp\/v2\/media?parent=31376"}],"wp:term":[{"taxonomy":"product_brand","embeddable":true,"href":"https:\/\/archeodiving.it\/de\/wp-json\/wp\/v2\/product_brand?post=31376"},{"taxonomy":"product_cat","embeddable":true,"href":"https:\/\/archeodiving.it\/de\/wp-json\/wp\/v2\/product_cat?post=31376"},{"taxonomy":"product_tag","embeddable":true,"href":"https:\/\/archeodiving.it\/de\/wp-json\/wp\/v2\/product_tag?post=31376"}],"curies":[{"name":"wp","href":"https:\/\/api.w.org\/{rel}","templated":true}]}}