{"id":94,"date":"2023-04-27T18:50:16","date_gmt":"2023-04-27T16:50:16","guid":{"rendered":"https:\/\/archeodiving.it\/?post_type=product&#038;p=94"},"modified":"2025-10-02T13:34:37","modified_gmt":"2025-10-02T11:34:37","slug":"morgen-schnorchel-tauchausflug-um-capo-carbonara","status":"publish","type":"product","link":"https:\/\/archeodiving.it\/de\/prodotto\/morning-snorkeling-diving-excursion-around-capo-carbonara","title":{"rendered":"Schnorchel- und Meeresbeobachtungsausflug - Villasimius - Sardinien"},"content":{"rendered":"<div id=\"pgc-192-7-1\" class=\"panel-grid-cell\">\n<div id=\"panel-192-7-1-0\" class=\"so-panel widget widget_sow-editor panel-first-child panel-last-child\" data-index=\"14\">\n<div class=\"so-widget-sow-editor so-widget-sow-editor-base\">\n<div class=\"siteorigin-widget-tinymce textwidget\">\n<p class=\"p1\">SNORKELING oder SEA WATCHING Ausflug?<br \/>\nSNORKELING oder SEA WATCHING Ausflug?\r\nWir geben dir alles, was du brauchst. Mit Maske, Flossen und Schnorchel bringen wir dich in das Meeresschutzgebiet von Capo Carbonara, Villasimius. Das Einzige, was du tun musst, ist... in das warme und klare Wasser zu springen! Gef\u00fchrt von erfahrenen Profis, wirst du von der Sch\u00f6nheit eines der am besten erhaltenen Gebiete Sardiniens umgeben sein. Genie\u00dfe deine Zeit auf Sardinien mit unserem Schnorchel- und Meeresbeobachtungsausflug.<\/p>\n<p><strong>*Unser Schnorchel- und Meeresbeobachtungsausflug ist f\u00fcr alle geeignet.<\/strong><\/p>\n<\/div>\n<\/div>\n<\/div>\n<\/div>","protected":false},"excerpt":{"rendered":"<div class=\"siteorigin-widget-tinymce textwidget\">\n<p class=\"p1\">SNORKELING oder SEA WATCHING Ausflug?<br \/>\nSNORKELING oder SEA WATCHING Ausflug?\r\nWir geben dir alles, was du brauchst. Mit Maske, Flossen und Schnorchel bringen wir dich in das Meeresschutzgebiet von Capo Carbonara, Villasimius. Das Einzige, was du tun musst, ist... in das warme und klare Wasser zu springen! Gef\u00fchrt von erfahrenen Profis, wirst du von der Sch\u00f6nheit eines der am besten erhaltenen Gebiete Sardiniens umgeben sein. Genie\u00dfe deine Zeit auf Sardinien mit unserem Schnorchel- und Meeresbeobachtungsausflug.<\/p>\n<p><strong>*Unser Schnorchel- und Meeresbeobachtungsausflug ist f\u00fcr alle geeignet.<\/strong><\/p>\n<\/div>","protected":false},"featured_media":129,"comment_status":"open","ping_status":"closed","template":"","meta":[],"product_brand":[],"product_cat":[59,15,52,17],"product_tag":[],"class_list":{"0":"post-94","1":"product","2":"type-product","3":"status-publish","4":"has-post-thumbnail","6":"product_cat-all-excursions-and-services","7":"product_cat-senza-categoria","8":"product_cat-snorkeling-and-seawatching-excursion","9":"product_cat-wet-activities","11":"first","12":"instock","13":"virtual","14":"purchasable","15":"product-type-phive_booking"},"_links":{"self":[{"href":"https:\/\/archeodiving.it\/de\/wp-json\/wp\/v2\/product\/94","targetHints":{"allow":["GET"]}}],"collection":[{"href":"https:\/\/archeodiving.it\/de\/wp-json\/wp\/v2\/product"}],"about":[{"href":"https:\/\/archeodiving.it\/de\/wp-json\/wp\/v2\/types\/product"}],"replies":[{"embeddable":true,"href":"https:\/\/archeodiving.it\/de\/wp-json\/wp\/v2\/comments?post=94"}],"wp:featuredmedia":[{"embeddable":true,"href":"https:\/\/archeodiving.it\/de\/wp-json\/wp\/v2\/media\/129"}],"wp:attachment":[{"href":"https:\/\/archeodiving.it\/de\/wp-json\/wp\/v2\/media?parent=94"}],"wp:term":[{"taxonomy":"product_brand","embeddable":true,"href":"https:\/\/archeodiving.it\/de\/wp-json\/wp\/v2\/product_brand?post=94"},{"taxonomy":"product_cat","embeddable":true,"href":"https:\/\/archeodiving.it\/de\/wp-json\/wp\/v2\/product_cat?post=94"},{"taxonomy":"product_tag","embeddable":true,"href":"https:\/\/archeodiving.it\/de\/wp-json\/wp\/v2\/product_tag?post=94"}],"curies":[{"name":"wp","href":"https:\/\/api.w.org\/{rel}","templated":true}]}}