{"id":97,"date":"2023-04-27T18:50:16","date_gmt":"2023-04-27T16:50:16","guid":{"rendered":"https:\/\/archeodiving.it\/?post_type=product&#038;p=97"},"modified":"2024-04-25T14:16:17","modified_gmt":"2024-04-25T12:16:17","slug":"sup-stand-up-paddling-sunset-excursion","status":"publish","type":"product","link":"https:\/\/archeodiving.it\/de\/prodotto\/sup-stand-up-paddling-sunset-excursion","title":{"rendered":"SUP - Stand up Paddle Board Ausflug - Villasimius - Sardinien"},"content":{"rendered":"<p>Der Stand Up Paddle Board-Ausflug gibt dir die M\u00f6glichkeit, auf einem SUP stehend die K\u00fcste von Villasimius zu erkunden. Egal, ob du schon Erfahrung hast oder nicht, schwing dich auf eines unserer SUPs und genie\u00dfe diesen wunderbaren Ausflug unter der Leitung unseres erfahrenen Lehrers...<br \/>\nWir bieten brandneue und sichere Ausr\u00fcstung und professionelle Guides. Wenn du an diesem Ausflug teilnimmst, hast du die M\u00f6glichkeit, die besten Orte an der K\u00fcste von Capo Carbonara zu sehen und in einem wundersch\u00f6nen Paradies zu sein.<\/p>\n<p>* SUP werden gegen eine Stundengeb\u00fchr vermietet oder sind auch im Rahmen eines gef\u00fchrten Ausflugs verf\u00fcgbar.<br \/>\n* Der SUP-Ausflug ist f\u00fcr Erwachsene und Kinder (14+) geeignet.<br \/>\n* SUP- und Stand Up Paddle-Touren und Ausfl\u00fcge werden jeden Tag angeboten.<\/p>","protected":false},"excerpt":{"rendered":"<p>Der Stand Up Paddle Board-Ausflug gibt dir die M\u00f6glichkeit, auf einem SUP stehend die K\u00fcste von Villasimius zu erkunden. Egal, ob du schon Erfahrung hast oder nicht, schwing dich auf eines unserer SUPs und genie\u00dfe diesen wunderbaren Ausflug unter der Leitung unseres erfahrenen Lehrers...<br \/>\nWir bieten brandneue und sichere Ausr\u00fcstung und professionelle Guides. Wenn du an diesem Ausflug teilnimmst, hast du die M\u00f6glichkeit, die besten Orte an der K\u00fcste von Capo Carbonara zu sehen und in einem wundersch\u00f6nen Paradies zu sein.<\/p>\n<p>* SUP werden gegen eine Stundengeb\u00fchr vermietet oder sind auch im Rahmen eines gef\u00fchrten Ausflugs verf\u00fcgbar.<br \/>\n* Der SUP-Ausflug ist f\u00fcr Erwachsene und Kinder (14+) geeignet.<br \/>\n* SUP- und Stand Up Paddle-Touren und Ausfl\u00fcge werden jeden Tag angeboten.<\/p>","protected":false},"featured_media":133,"comment_status":"open","ping_status":"closed","template":"","meta":[],"product_brand":[],"product_cat":[59,20,15,24],"product_tag":[],"class_list":{"0":"post-97","1":"product","2":"type-product","3":"status-publish","4":"has-post-thumbnail","6":"product_cat-all-excursions-and-services","7":"product_cat-dry-or-semi-dry-activities","8":"product_cat-senza-categoria","9":"product_cat-stand-up-paddle-excursion","11":"first","12":"instock","13":"virtual","14":"purchasable","15":"product-type-phive_booking"},"_links":{"self":[{"href":"https:\/\/archeodiving.it\/de\/wp-json\/wp\/v2\/product\/97","targetHints":{"allow":["GET"]}}],"collection":[{"href":"https:\/\/archeodiving.it\/de\/wp-json\/wp\/v2\/product"}],"about":[{"href":"https:\/\/archeodiving.it\/de\/wp-json\/wp\/v2\/types\/product"}],"replies":[{"embeddable":true,"href":"https:\/\/archeodiving.it\/de\/wp-json\/wp\/v2\/comments?post=97"}],"wp:featuredmedia":[{"embeddable":true,"href":"https:\/\/archeodiving.it\/de\/wp-json\/wp\/v2\/media\/133"}],"wp:attachment":[{"href":"https:\/\/archeodiving.it\/de\/wp-json\/wp\/v2\/media?parent=97"}],"wp:term":[{"taxonomy":"product_brand","embeddable":true,"href":"https:\/\/archeodiving.it\/de\/wp-json\/wp\/v2\/product_brand?post=97"},{"taxonomy":"product_cat","embeddable":true,"href":"https:\/\/archeodiving.it\/de\/wp-json\/wp\/v2\/product_cat?post=97"},{"taxonomy":"product_tag","embeddable":true,"href":"https:\/\/archeodiving.it\/de\/wp-json\/wp\/v2\/product_tag?post=97"}],"curies":[{"name":"wp","href":"https:\/\/api.w.org\/{rel}","templated":true}]}}