{"id":94,"date":"2023-04-27T18:50:16","date_gmt":"2023-04-27T16:50:16","guid":{"rendered":"https:\/\/archeodiving.it\/?post_type=product&#038;p=94"},"modified":"2025-10-02T13:34:37","modified_gmt":"2025-10-02T11:34:37","slug":"manana-snorkeling-submarinismo-excursion-alrededor-del-capo-carbonara","status":"publish","type":"product","link":"https:\/\/archeodiving.it\/es\/prodotto\/morning-snorkeling-diving-excursion-around-capo-carbonara","title":{"rendered":"Excursi\u00f3n de snorkel y observaci\u00f3n del mar - Villasimius - Cerde\u00f1a"},"content":{"rendered":"<div id=\"pgc-192-7-1\" class=\"panel-grid-cell\">\n<div id=\"panel-192-7-1-0\" class=\"so-panel widget widget_sow-editor panel-first-child panel-last-child\" data-index=\"14\">\n<div class=\"so-widget-sow-editor so-widget-sow-editor-base\">\n<div class=\"siteorigin-widget-tinymce textwidget\">\n<p class=\"p1\">\u00bfExcursi\u00f3n de SNORKELING o de VIGILANCIA MARINA?<br \/>\n\u00bfExcursi\u00f3n de SNORKELING o VIGILANCIA MARINA?\r\nTe daremos todo lo que necesitas. Con m\u00e1scara, aletas y tubo te llevaremos al interior de la zona marina protegida de Capo Carbonara, en Villasimius. As\u00ed que lo \u00fanico que tienes que hacer es... \u00a1saltar al agua c\u00e1lida y cristalina! Guiado por profesionales experimentados, estar\u00e1s rodeado de la belleza de una de las zonas mejor conservadas de Cerde\u00f1a. Disfruta de tu estancia en Cerde\u00f1a con nuestra excursi\u00f3n de snorkel y observaci\u00f3n del mar.<\/p>\n<p><strong>*Nuestra excursi\u00f3n de snorkel y observaci\u00f3n del mar es apta para todos los p\u00fablicos.<\/strong><\/p>\n<\/div>\n<\/div>\n<\/div>\n<\/div>","protected":false},"excerpt":{"rendered":"<div class=\"siteorigin-widget-tinymce textwidget\">\n<p class=\"p1\">\u00bfExcursi\u00f3n de SNORKELING o de VIGILANCIA MARINA?<br \/>\n\u00bfExcursi\u00f3n de SNORKELING o VIGILANCIA MARINA?\r\nTe daremos todo lo que necesitas. Con m\u00e1scara, aletas y tubo te llevaremos al interior de la zona marina protegida de Capo Carbonara, en Villasimius. As\u00ed que lo \u00fanico que tienes que hacer es... \u00a1saltar al agua c\u00e1lida y cristalina! Guiado por profesionales experimentados, estar\u00e1s rodeado de la belleza de una de las zonas mejor conservadas de Cerde\u00f1a. Disfruta de tu estancia en Cerde\u00f1a con nuestra excursi\u00f3n de snorkel y observaci\u00f3n del mar.<\/p>\n<p><strong>*Nuestra excursi\u00f3n de snorkel y observaci\u00f3n del mar es apta para todos los p\u00fablicos.<\/strong><\/p>\n<\/div>","protected":false},"featured_media":129,"comment_status":"open","ping_status":"closed","template":"","meta":[],"product_brand":[],"product_cat":[59,15,52,17],"product_tag":[],"class_list":{"0":"post-94","1":"product","2":"type-product","3":"status-publish","4":"has-post-thumbnail","6":"product_cat-all-excursions-and-services","7":"product_cat-senza-categoria","8":"product_cat-snorkeling-and-seawatching-excursion","9":"product_cat-wet-activities","11":"first","12":"instock","13":"virtual","14":"purchasable","15":"product-type-phive_booking"},"_links":{"self":[{"href":"https:\/\/archeodiving.it\/es\/wp-json\/wp\/v2\/product\/94","targetHints":{"allow":["GET"]}}],"collection":[{"href":"https:\/\/archeodiving.it\/es\/wp-json\/wp\/v2\/product"}],"about":[{"href":"https:\/\/archeodiving.it\/es\/wp-json\/wp\/v2\/types\/product"}],"replies":[{"embeddable":true,"href":"https:\/\/archeodiving.it\/es\/wp-json\/wp\/v2\/comments?post=94"}],"wp:featuredmedia":[{"embeddable":true,"href":"https:\/\/archeodiving.it\/es\/wp-json\/wp\/v2\/media\/129"}],"wp:attachment":[{"href":"https:\/\/archeodiving.it\/es\/wp-json\/wp\/v2\/media?parent=94"}],"wp:term":[{"taxonomy":"product_brand","embeddable":true,"href":"https:\/\/archeodiving.it\/es\/wp-json\/wp\/v2\/product_brand?post=94"},{"taxonomy":"product_cat","embeddable":true,"href":"https:\/\/archeodiving.it\/es\/wp-json\/wp\/v2\/product_cat?post=94"},{"taxonomy":"product_tag","embeddable":true,"href":"https:\/\/archeodiving.it\/es\/wp-json\/wp\/v2\/product_tag?post=94"}],"curies":[{"name":"wp","href":"https:\/\/api.w.org\/{rel}","templated":true}]}}