{"id":10689,"date":"2021-06-13T05:34:21","date_gmt":"2021-06-13T05:34:21","guid":{"rendered":"https:\/\/archeodiving.it\/?page_id=10689"},"modified":"2023-05-03T12:09:15","modified_gmt":"2023-05-03T10:09:15","slug":"services-publics","status":"publish","type":"page","link":"https:\/\/archeodiving.it\/fr\/utilities","title":{"rendered":"Utilitaires"},"content":{"rendered":"<div data-elementor-type=\"wp-page\" data-elementor-id=\"10689\" class=\"elementor elementor-10689\" data-elementor-post-type=\"page\">\n\t\t\t\t<div class=\"elementor-element elementor-element-fa885a0 e-con-full e-flex e-con e-parent\" data-id=\"fa885a0\" data-element_type=\"container\" data-e-type=\"container\" data-settings=\"{&quot;background_background&quot;:&quot;classic&quot;}\">\n\t\t\t\t<div class=\"elementor-element elementor-element-293b4cd elementor-widget elementor-widget-heading\" data-id=\"293b4cd\" data-element_type=\"widget\" data-e-type=\"widget\" data-widget_type=\"heading.default\">\n\t\t\t\t<div class=\"elementor-widget-container\">\n\t\t\t\t\t<h1 class=\"elementor-heading-title elementor-size-default\">Documents utiles<\/h1>\t\t\t\t<\/div>\n\t\t\t\t<\/div>\n\t\t\t\t<div class=\"elementor-element elementor-element-0e1563b elementor-widget elementor-widget-heading\" data-id=\"0e1563b\" data-element_type=\"widget\" data-e-type=\"widget\" data-widget_type=\"heading.default\">\n\t\t\t\t<div class=\"elementor-widget-container\">\n\t\t\t\t\t<h2 class=\"elementor-heading-title elementor-size-default\">Documents n\u00e9cessaires \u00e0 la r\u00e9alisation des activit\u00e9s<\/h2>\t\t\t\t<\/div>\n\t\t\t\t<\/div>\n\t\t\t\t<div class=\"elementor-element elementor-element-d9f1cff elementor-widget elementor-widget-heading\" data-id=\"d9f1cff\" data-element_type=\"widget\" data-e-type=\"widget\" data-widget_type=\"heading.default\">\n\t\t\t\t<div class=\"elementor-widget-container\">\n\t\t\t\t\t<p class=\"elementor-heading-title elementor-size-default\">Pour toute autre information, contacte-nous par Whatsapp, par courriel ou par t\u00e9l\u00e9phone.<\/p>\t\t\t\t<\/div>\n\t\t\t\t<\/div>\n\t\t\t\t<\/div>\n\t\t<div class=\"elementor-element elementor-element-dcc0747 e-con-full e-flex e-con e-parent\" data-id=\"dcc0747\" data-element_type=\"container\" data-e-type=\"container\">\n\t\t<div class=\"elementor-element elementor-element-36a23eb e-con-full e-flex e-con e-parent\" data-id=\"36a23eb\" data-element_type=\"container\" data-e-type=\"container\">\n\t\t\t\t<div class=\"elementor-element elementor-element-17281eb elementor-widget__width-auto elementor-view-default elementor-widget elementor-widget-icon\" data-id=\"17281eb\" data-element_type=\"widget\" data-e-type=\"widget\" data-widget_type=\"icon.default\">\n\t\t\t\t<div class=\"elementor-widget-container\">\n\t\t\t\t\t\t\t<div class=\"elementor-icon-wrapper\">\n\t\t\t<div class=\"elementor-icon\">\n\t\t\t<i aria-hidden=\"true\" class=\"fas fa-file-signature\"><\/i>\t\t\t<\/div>\n\t\t<\/div>\n\t\t\t\t\t\t<\/div>\n\t\t\t\t<\/div>\n\t\t\t\t<div class=\"elementor-element elementor-element-7d7eefb elementor-widget-divider--view-line elementor-widget elementor-widget-divider\" data-id=\"7d7eefb\" data-element_type=\"widget\" data-e-type=\"widget\" data-widget_type=\"divider.default\">\n\t\t\t\t<div class=\"elementor-widget-container\">\n\t\t\t\t\t\t\t<div class=\"elementor-divider\">\n\t\t\t<span class=\"elementor-divider-separator\">\n\t\t\t\t\t\t<\/span>\n\t\t<\/div>\n\t\t\t\t\t\t<\/div>\n\t\t\t\t<\/div>\n\t\t\t\t<div class=\"elementor-element elementor-element-4bad25a elementor-widget elementor-widget-heading\" data-id=\"4bad25a\" data-element_type=\"widget\" data-e-type=\"widget\" data-widget_type=\"heading.default\">\n\t\t\t\t<div class=\"elementor-widget-container\">\n\t\t\t\t\t<h5 class=\"elementor-heading-title elementor-size-default\">Formulaire de d\u00e9charge de responsabilit\u00e9<\/h5>\t\t\t\t<\/div>\n\t\t\t\t<\/div>\n\t\t\t\t<div class=\"elementor-element elementor-element-2ccb923 elementor-widget elementor-widget-heading\" data-id=\"2ccb923\" data-element_type=\"widget\" data-e-type=\"widget\" data-widget_type=\"heading.default\">\n\t\t\t\t<div class=\"elementor-widget-container\">\n\t\t\t\t\t<h5 class=\"elementor-heading-title elementor-size-default\">Pour toutes nos excursions, il faut remplir ce formulaire.<\/h5>\t\t\t\t<\/div>\n\t\t\t\t<\/div>\n\t\t\t\t<div class=\"elementor-element elementor-element-af83593 elementor-widget elementor-widget-text-editor\" data-id=\"af83593\" data-element_type=\"widget\" data-e-type=\"widget\" data-widget_type=\"text-editor.default\">\n\t\t\t\t<div class=\"elementor-widget-container\">\n\t\t\t\t\t\t\t\t\t<p>Avant de faire une excursion avec nous, il est important de remplir ce formulaire pour effectuer correctement les proc\u00e9dures d'enregistrement. Nous demandons \u00e0 nos clients de remplir ce formulaire au magasin mais \u00e0 partir de maintenant, tu peux le faire en ligne et gagner du temps avant l'excursion.<\/p><p>Assure-toi d'ins\u00e9rer correctement chaque information, cela ne te prendra que quelques minutes.<br \/>Apr\u00e8s l'envoi, tu recevras \u00e9galement une copie directement sur ton compte e-mail.<\/p>\t\t\t\t\t\t\t\t<\/div>\n\t\t\t\t<\/div>\n\t\t\t\t<div class=\"elementor-element elementor-element-9dcc74f elementor-align-justify elementor-widget elementor-widget-button\" data-id=\"9dcc74f\" data-element_type=\"widget\" data-e-type=\"widget\" data-widget_type=\"button.default\">\n\t\t\t\t<div class=\"elementor-widget-container\">\n\t\t\t\t\t\t\t\t\t<div class=\"elementor-button-wrapper\">\n\t\t\t\t\t<a class=\"elementor-button elementor-button-link elementor-size-sm\" href=\"\/fr\/formulaire-de-decharge-de-responsabilite\/\">\n\t\t\t\t\t\t<span class=\"elementor-button-content-wrapper\">\n\t\t\t\t\t\t<span class=\"elementor-button-icon\">\n\t\t\t\t<i aria-hidden=\"true\" class=\"fab fa-wpforms\"><\/i>\t\t\t<\/span>\n\t\t\t\t\t\t\t\t\t<span class=\"elementor-button-text\">Aller au formulaire en ligne<\/span>\n\t\t\t\t\t<\/span>\n\t\t\t\t\t<\/a>\n\t\t\t\t<\/div>\n\t\t\t\t\t\t\t\t<\/div>\n\t\t\t\t<\/div>\n\t\t\t\t<\/div>\n\t\t<div class=\"elementor-element elementor-element-bb2c433 e-con-full e-flex e-con e-parent\" data-id=\"bb2c433\" data-element_type=\"container\" data-e-type=\"container\">\n\t\t\t\t<div class=\"elementor-element elementor-element-f517e8b elementor-widget__width-auto elementor-view-default elementor-widget elementor-widget-icon\" data-id=\"f517e8b\" data-element_type=\"widget\" data-e-type=\"widget\" data-widget_type=\"icon.default\">\n\t\t\t\t<div class=\"elementor-widget-container\">\n\t\t\t\t\t\t\t<div class=\"elementor-icon-wrapper\">\n\t\t\t<div class=\"elementor-icon\">\n\t\t\t<i aria-hidden=\"true\" class=\"fas fa-file-medical\"><\/i>\t\t\t<\/div>\n\t\t<\/div>\n\t\t\t\t\t\t<\/div>\n\t\t\t\t<\/div>\n\t\t\t\t<div class=\"elementor-element elementor-element-5118693 elementor-widget-tablet__width-auto elementor-widget elementor-widget-heading\" data-id=\"5118693\" data-element_type=\"widget\" data-e-type=\"widget\" data-widget_type=\"heading.default\">\n\t\t\t\t<div class=\"elementor-widget-container\">\n\t\t\t\t\t<p class=\"elementor-heading-title elementor-size-default\">Ce formulaire est obligatoire pour <strong>chaque activit\u00e9 de plong\u00e9e sous-marine<\/strong> avec nous.<\/p>\t\t\t\t<\/div>\n\t\t\t\t<\/div>\n\t\t\t\t<div class=\"elementor-element elementor-element-a43fcdc elementor-widget-divider--view-line elementor-widget elementor-widget-divider\" data-id=\"a43fcdc\" data-element_type=\"widget\" data-e-type=\"widget\" data-widget_type=\"divider.default\">\n\t\t\t\t<div class=\"elementor-widget-container\">\n\t\t\t\t\t\t\t<div class=\"elementor-divider\">\n\t\t\t<span class=\"elementor-divider-separator\">\n\t\t\t\t\t\t<\/span>\n\t\t<\/div>\n\t\t\t\t\t\t<\/div>\n\t\t\t\t<\/div>\n\t\t\t\t<div class=\"elementor-element elementor-element-e27b362 elementor-widget elementor-widget-heading\" data-id=\"e27b362\" data-element_type=\"widget\" data-e-type=\"widget\" data-widget_type=\"heading.default\">\n\t\t\t\t<div class=\"elementor-widget-container\">\n\t\t\t\t\t<h5 class=\"elementor-heading-title elementor-size-default\">Diver Medical - PLONGEE SOUS-MARINE UNIQUEMENT<\/h5>\t\t\t\t<\/div>\n\t\t\t\t<\/div>\n\t\t\t\t<div class=\"elementor-element elementor-element-3de0e4f elementor-widget elementor-widget-text-editor\" data-id=\"3de0e4f\" data-element_type=\"widget\" data-e-type=\"widget\" data-widget_type=\"text-editor.default\">\n\t\t\t\t<div class=\"elementor-widget-container\">\n\t\t\t\t\t\t\t\t\tLa plong\u00e9e sous-marine de loisir et l'apn\u00e9e n\u00e9cessitent une bonne sant\u00e9 physique et mentale. Il y a quelques conditions m\u00e9dicales qui peuvent \u00eatre dangereuses pendant la plong\u00e9e, \u00e9num\u00e9r\u00e9es ci-dessous. Les personnes qui souffrent ou sont pr\u00e9dispos\u00e9es \u00e0 souffrir de l'une de ces maladies doivent \u00eatre examin\u00e9es par un m\u00e9decin. Ce questionnaire m\u00e9dical du plongeur permet de d\u00e9terminer si tu dois te faire \u00e9valuer. Si tu as des inqui\u00e9tudes concernant ton aptitude \u00e0 la plong\u00e9e qui ne sont pas repr\u00e9sent\u00e9es sur ce formulaire, consulte ton m\u00e9decin avant de plonger. Si tu te sens malade, \u00e9vite de plonger. Si tu penses avoir une maladie contagieuse, prot\u00e8ge-toi et prot\u00e8ge les autres en ne participant pas \u00e0 la formation et\/ou aux activit\u00e9s de plong\u00e9e. Les r\u00e9f\u00e9rences \u00e0 la \"plong\u00e9e\" dans ce formulaire englobent \u00e0 la fois la plong\u00e9e sous-marine de loisir et l'apn\u00e9e.\n<br>\nCe formulaire est principalement con\u00e7u comme un examen m\u00e9dical initial pour les nouveaux plongeurs, mais il est \u00e9galement appropri\u00e9 pour les plongeurs qui suivent une formation continue. Pour ta s\u00e9curit\u00e9 et celle des autres personnes susceptibles de plonger avec toi, r\u00e9ponds honn\u00eatement \u00e0 toutes les questions.\t\t\t\t\t\t\t\t<\/div>\n\t\t\t\t<\/div>\n\t\t\t\t<div class=\"elementor-element elementor-element-42e7733 elementor-align-justify elementor-widget elementor-widget-button\" data-id=\"42e7733\" data-element_type=\"widget\" data-e-type=\"widget\" data-widget_type=\"button.default\">\n\t\t\t\t<div class=\"elementor-widget-container\">\n\t\t\t\t\t\t\t\t\t<div class=\"elementor-button-wrapper\">\n\t\t\t\t\t<a class=\"elementor-button elementor-button-link elementor-size-sm\" href=\"\/fr\/plongeur-medical\/\">\n\t\t\t\t\t\t<span class=\"elementor-button-content-wrapper\">\n\t\t\t\t\t\t<span class=\"elementor-button-icon\">\n\t\t\t\t<i aria-hidden=\"true\" class=\"fab fa-wpforms\"><\/i>\t\t\t<\/span>\n\t\t\t\t\t\t\t\t\t<span class=\"elementor-button-text\">Aller au formulaire en ligne<\/span>\n\t\t\t\t\t<\/span>\n\t\t\t\t\t<\/a>\n\t\t\t\t<\/div>\n\t\t\t\t\t\t\t\t<\/div>\n\t\t\t\t<\/div>\n\t\t\t\t<\/div>\n\t\t<div class=\"elementor-element elementor-element-7954d0f e-con-full elementor-hidden-desktop elementor-hidden-tablet_extra elementor-hidden-tablet elementor-hidden-mobile e-flex e-con e-parent\" data-id=\"7954d0f\" data-element_type=\"container\" data-e-type=\"container\">\n\t\t\t\t<div class=\"elementor-element elementor-element-8044a0a elementor-widget__width-auto elementor-view-default elementor-widget elementor-widget-icon\" data-id=\"8044a0a\" data-element_type=\"widget\" data-e-type=\"widget\" data-widget_type=\"icon.default\">\n\t\t\t\t<div class=\"elementor-widget-container\">\n\t\t\t\t\t\t\t<div class=\"elementor-icon-wrapper\">\n\t\t\t<div class=\"elementor-icon\">\n\t\t\t<i aria-hidden=\"true\" class=\"fas fa-shield-virus\"><\/i>\t\t\t<\/div>\n\t\t<\/div>\n\t\t\t\t\t\t<\/div>\n\t\t\t\t<\/div>\n\t\t\t\t<div class=\"elementor-element elementor-element-afa3e6f elementor-widget-tablet__width-auto elementor-widget elementor-widget-heading\" data-id=\"afa3e6f\" data-element_type=\"widget\" data-e-type=\"widget\" data-widget_type=\"heading.default\">\n\t\t\t\t<div class=\"elementor-widget-container\">\n\t\t\t\t\t<p class=\"elementor-heading-title elementor-size-default\">Ce formulaire est obligatoire pour <strong>chaque activit\u00e9<\/strong> avec nous.<\/p>\t\t\t\t<\/div>\n\t\t\t\t<\/div>\n\t\t\t\t<div class=\"elementor-element elementor-element-67f4393 elementor-widget-divider--view-line elementor-widget elementor-widget-divider\" data-id=\"67f4393\" data-element_type=\"widget\" data-e-type=\"widget\" data-widget_type=\"divider.default\">\n\t\t\t\t<div class=\"elementor-widget-container\">\n\t\t\t\t\t\t\t<div class=\"elementor-divider\">\n\t\t\t<span class=\"elementor-divider-separator\">\n\t\t\t\t\t\t<\/span>\n\t\t<\/div>\n\t\t\t\t\t\t<\/div>\n\t\t\t\t<\/div>\n\t\t\t\t<div class=\"elementor-element elementor-element-2711cdd elementor-widget elementor-widget-heading\" data-id=\"2711cdd\" data-element_type=\"widget\" data-e-type=\"widget\" data-widget_type=\"heading.default\">\n\t\t\t\t<div class=\"elementor-widget-container\">\n\t\t\t\t\t<h5 class=\"elementor-heading-title elementor-size-default\">Formulaire de d\u00e9claration de sant\u00e9 \/ COVID-19<\/h5>\t\t\t\t<\/div>\n\t\t\t\t<\/div>\n\t\t\t\t<div class=\"elementor-element elementor-element-d46d532 elementor-widget elementor-widget-text-editor\" data-id=\"d46d532\" data-element_type=\"widget\" data-e-type=\"widget\" data-widget_type=\"text-editor.default\">\n\t\t\t\t<div class=\"elementor-widget-container\">\n\t\t\t\t\t\t\t\t\t<div class=\"page\" title=\"Page 1\"><div class=\"layoutArea\"><div class=\"column\"><p>Le but de ce questionnaire m\u00e9dical est de s'assurer que tu es m\u00e9dicalement apte \u00e0 plonger. R\u00e9ponds aux questions suivantes par OUI ou NON. Si tu n'es pas s\u00fbr, r\u00e9ponds OUI. Une r\u00e9ponse positive signifie qu'il peut y avoir une condition pr\u00e9existante qui pourrait affecter ta s\u00e9curit\u00e9 pendant la plong\u00e9e. Si l'un de ces \u00e9l\u00e9ments s'applique \u00e0 toi, nous devons te demander de consulter un m\u00e9decin, de pr\u00e9f\u00e9rence un sp\u00e9cialiste de la m\u00e9decine de plong\u00e9e, avant de participer \u00e0 des activit\u00e9s de plong\u00e9e.<\/p><\/div><\/div><\/div>\t\t\t\t\t\t\t\t<\/div>\n\t\t\t\t<\/div>\n\t\t\t\t<div class=\"elementor-element elementor-element-2fe863b elementor-align-justify elementor-widget elementor-widget-button\" data-id=\"2fe863b\" data-element_type=\"widget\" data-e-type=\"widget\" data-widget_type=\"button.default\">\n\t\t\t\t<div class=\"elementor-widget-container\">\n\t\t\t\t\t\t\t\t\t<div class=\"elementor-button-wrapper\">\n\t\t\t\t\t<a class=\"elementor-button elementor-button-link elementor-size-sm\" href=\"\/fr\/formulaire-de-declaration-de-sante-covid-19\/\">\n\t\t\t\t\t\t<span class=\"elementor-button-content-wrapper\">\n\t\t\t\t\t\t<span class=\"elementor-button-icon\">\n\t\t\t\t<i aria-hidden=\"true\" class=\"fab fa-wpforms\"><\/i>\t\t\t<\/span>\n\t\t\t\t\t\t\t\t\t<span class=\"elementor-button-text\">Aller au formulaire en ligne<\/span>\n\t\t\t\t\t<\/span>\n\t\t\t\t\t<\/a>\n\t\t\t\t<\/div>\n\t\t\t\t\t\t\t\t<\/div>\n\t\t\t\t<\/div>\n\t\t\t\t<\/div>\n\t\t\t\t<\/div>\n\t\t\t\t<\/div>","protected":false},"excerpt":{"rendered":"<p>Useful documents Documents required to carry out activities For any other information please contact us via Whatsapp, email or call us Liability release form All of our excursions require the completion of this form Before to make an excursion with us it is important to fill up this form to correctly do the checkin procedures. [&hellip;]<\/p>\n","protected":false},"author":1,"featured_media":0,"parent":0,"menu_order":9,"comment_status":"closed","ping_status":"closed","template":"elementor_header_footer","meta":{"footnotes":""},"class_list":["post-10689","page","type-page","status-publish","hentry"],"_links":{"self":[{"href":"https:\/\/archeodiving.it\/fr\/wp-json\/wp\/v2\/pages\/10689","targetHints":{"allow":["GET"]}}],"collection":[{"href":"https:\/\/archeodiving.it\/fr\/wp-json\/wp\/v2\/pages"}],"about":[{"href":"https:\/\/archeodiving.it\/fr\/wp-json\/wp\/v2\/types\/page"}],"author":[{"embeddable":true,"href":"https:\/\/archeodiving.it\/fr\/wp-json\/wp\/v2\/users\/1"}],"replies":[{"embeddable":true,"href":"https:\/\/archeodiving.it\/fr\/wp-json\/wp\/v2\/comments?post=10689"}],"version-history":[{"count":0,"href":"https:\/\/archeodiving.it\/fr\/wp-json\/wp\/v2\/pages\/10689\/revisions"}],"wp:attachment":[{"href":"https:\/\/archeodiving.it\/fr\/wp-json\/wp\/v2\/media?parent=10689"}],"curies":[{"name":"wp","href":"https:\/\/api.w.org\/{rel}","templated":true}]}}