{"id":102,"date":"2023-04-27T18:50:16","date_gmt":"2023-04-27T16:50:16","guid":{"rendered":"https:\/\/archeodiving.it\/?post_type=product&#038;p=102"},"modified":"2024-04-25T14:03:45","modified_gmt":"2024-04-25T12:03:45","slug":"escursione-privata-boat-e-equipaggio-noleggio-villasimius-sardegna","status":"publish","type":"product","link":"https:\/\/archeodiving.it\/it\/prodotto\/private-excursion-boat-and-crew-hiring-villasimius-sardegna","title":{"rendered":"Tour in barca privata - Villasimius - Sardegna"},"content":{"rendered":"<p>Ti piacerebbe esplorare il mare in barca mentre ti rilassi? Un'escursione in barca intorno alle coste dell'Area Marina Protetta \u00e8 quello che fa per te. Non \u00e8 necessaria la patente nautica! Ti mettiamo a disposizione uno skipper esperto che ti porter\u00e0 nei posti migliori. Quindi, prendi il tuo asciugamano, il costume da bagno e la tua macchina fotografica con tanta memoria libera!<\/p>\n<p>Puoi anche aggiungere un'attivit\u00e0 preferita al tuo tour o goderti il tour senza fare nulla o semplicemente facendo il bagno dove e quando ci fermiamo.<\/p>\n<ul>\n<li><strong><em>I tour privati in barca sono disponibili su prenotazione almeno 3 giorni prima.<\/em><\/strong><\/li>\n<li><strong><em>Possiamo avere al massimo 14 persone per tour.<\/em><\/strong><\/li>\n<li><em><strong>Snack e rinfreschi inclusi.<\/strong><br \/>\n<\/em><\/li>\n<\/ul>","protected":false},"excerpt":{"rendered":"<p>Ti piacerebbe esplorare il mare in barca mentre ti rilassi? Un'escursione in barca intorno alle coste dell'Area Marina Protetta \u00e8 quello che fa per te. Non \u00e8 necessaria la patente nautica! Ti mettiamo a disposizione uno skipper esperto che ti porter\u00e0 nei posti migliori. Quindi, prendi il tuo asciugamano, il tuo costume da bagno e la tua macchina fotografica con tanta memoria libera!<\/p>\n<p>Puoi anche aggiungere un'attivit\u00e0 preferita al tuo tour o goderti il tour senza fare nulla o semplicemente facendo il bagno dove e quando ci fermiamo.<\/p>\n<ul>\n<li><strong><em>I tour privati in barca sono disponibili su prenotazione almeno 3 giorni prima.<\/em><\/strong><\/li>\n<li><strong><em>Possiamo avere al massimo 8 persone per tour.<\/em><\/strong><\/li>\n<li><strong><em>Snack e rinfreschi inclusi.<\/em><\/strong><\/li>\n<\/ul>","protected":false},"featured_media":131,"comment_status":"open","ping_status":"closed","template":"","meta":[],"product_brand":[],"product_cat":[59,20,22,21,65,15,17],"product_tag":[],"class_list":{"0":"post-102","1":"product","2":"type-product","3":"status-publish","4":"has-post-thumbnail","6":"product_cat-all-excursions-and-services","7":"product_cat-dry-or-semi-dry-activities","8":"product_cat-kayak-and-sup-rental-service","9":"product_cat-private-boat-excursion","10":"product_cat-product-with-request-form","11":"product_cat-senza-categoria","12":"product_cat-wet-activities","14":"first","15":"instock","16":"virtual","17":"purchasable","18":"product-type-phive_booking"},"_links":{"self":[{"href":"https:\/\/archeodiving.it\/it\/wp-json\/wp\/v2\/product\/102","targetHints":{"allow":["GET"]}}],"collection":[{"href":"https:\/\/archeodiving.it\/it\/wp-json\/wp\/v2\/product"}],"about":[{"href":"https:\/\/archeodiving.it\/it\/wp-json\/wp\/v2\/types\/product"}],"replies":[{"embeddable":true,"href":"https:\/\/archeodiving.it\/it\/wp-json\/wp\/v2\/comments?post=102"}],"wp:featuredmedia":[{"embeddable":true,"href":"https:\/\/archeodiving.it\/it\/wp-json\/wp\/v2\/media\/131"}],"wp:attachment":[{"href":"https:\/\/archeodiving.it\/it\/wp-json\/wp\/v2\/media?parent=102"}],"wp:term":[{"taxonomy":"product_brand","embeddable":true,"href":"https:\/\/archeodiving.it\/it\/wp-json\/wp\/v2\/product_brand?post=102"},{"taxonomy":"product_cat","embeddable":true,"href":"https:\/\/archeodiving.it\/it\/wp-json\/wp\/v2\/product_cat?post=102"},{"taxonomy":"product_tag","embeddable":true,"href":"https:\/\/archeodiving.it\/it\/wp-json\/wp\/v2\/product_tag?post=102"}],"curies":[{"name":"wp","href":"https:\/\/api.w.org\/{rel}","templated":true}]}}