{"id":156,"date":"2023-04-27T18:50:28","date_gmt":"2023-04-27T16:50:28","guid":{"rendered":"https:\/\/archeodiving.it\/?post_type=product&#038;p=156"},"modified":"2024-04-25T13:59:39","modified_gmt":"2024-04-25T11:59:39","slug":"tramonto-kayak-escursione-villasimius-sardegna","status":"publish","type":"product","link":"https:\/\/archeodiving.it\/it\/prodotto\/sunset-kayak-excursion-villasimius-sardinia","title":{"rendered":"Esclusiva escursione in kayak al tramonto - Villasimius - Sardegna"},"content":{"rendered":"<p>Scopri la bellezza della costa di Villasimius al tramonto in questa indimenticabile avventura esclusiva in kayak. Questa esperienza \u00e8 dedicata a chi desidera fare un'escursione in coppia, in famiglia o con un gruppo di amici senza altri partecipanti. Mentre si pagaia lungo le acque cristalline, si ammirano viste spettacolari della costa frastagliata e delle sue meraviglie naturali. Il tour inizia con un briefing sulla sicurezza e le istruzioni su come utilizzare il kayak. Poi, l'avventura inizia con l'esplorazione di baie, insenature e grotte nascoste, ognuna delle quali offre panorami e suoni straordinari che ti lasceranno senza fiato. Guide esperte condivideranno la loro vasta conoscenza della flora e della fauna della zona e offriranno approfondimenti sulla cultura locale. Avrai tutto il tempo per ammirare i dintorni, scattare fotografie e gustare uno spuntino, il tutto assaporando la serenit\u00e0 del tramonto. Che tu sia un principiante o un esperto, questo tour sar\u00e0 sicuramente uno dei momenti pi\u00f9 belli della tua vacanza a Villasimius.<\/p>\n<p>Offriamo attrezzature nuove e sicure e guide professionali.<\/p>\n<p>* I kayak vengono noleggiati a ore o sono inclusi in un'escursione guidata.<br \/>\n* L'escursione in kayak \u00e8 adatta a tutti.<br \/>\n* I tour e le escursioni in kayak sono disponibili tutti i giorni.<\/p>","protected":false},"excerpt":{"rendered":"<p>Scopri la bellezza della costa di Villasimius al tramonto in questa indimenticabile avventura esclusiva in kayak. Questa esperienza \u00e8 dedicata a chi desidera fare un'escursione in coppia, in famiglia o con un gruppo di amici senza altri partecipanti. Mentre si pagaia lungo le acque cristalline, si ammirano viste spettacolari della costa frastagliata e delle sue meraviglie naturali. Il tour inizia con un briefing sulla sicurezza e le istruzioni su come utilizzare il kayak. Poi, l'avventura inizia con l'esplorazione di baie, insenature e grotte nascoste, ognuna delle quali offre panorami e suoni straordinari che ti lasceranno senza fiato. Guide esperte condivideranno la loro vasta conoscenza della flora e della fauna della zona e offriranno approfondimenti sulla cultura locale. Avrai tutto il tempo per ammirare i dintorni, scattare fotografie e gustare uno spuntino, il tutto assaporando la serenit\u00e0 del tramonto. Che tu sia un principiante o un esperto, questo tour sar\u00e0 sicuramente uno dei momenti pi\u00f9 belli della tua vacanza a Villasimius.<\/p>\n<p>Offriamo attrezzature nuove e sicure e guide professionali.<\/p>\n<p>* I kayak vengono noleggiati a ore o sono inclusi in un'escursione guidata.<br \/>\n* L'escursione in kayak \u00e8 adatta a tutti.<br \/>\n* I tour e le escursioni in kayak sono disponibili tutti i giorni.<\/p>","protected":false},"featured_media":163,"comment_status":"open","ping_status":"closed","template":"","meta":[],"product_brand":[],"product_cat":[59,20,64,23,15],"product_tag":[],"class_list":{"0":"post-156","1":"product","2":"type-product","3":"status-publish","4":"has-post-thumbnail","6":"product_cat-all-excursions-and-services","7":"product_cat-dry-or-semi-dry-activities","8":"product_cat-exclusive-excursions-and-tours","9":"product_cat-kayak-excursion","10":"product_cat-senza-categoria","12":"first","13":"instock","14":"virtual","15":"purchasable","16":"product-type-phive_booking"},"_links":{"self":[{"href":"https:\/\/archeodiving.it\/it\/wp-json\/wp\/v2\/product\/156","targetHints":{"allow":["GET"]}}],"collection":[{"href":"https:\/\/archeodiving.it\/it\/wp-json\/wp\/v2\/product"}],"about":[{"href":"https:\/\/archeodiving.it\/it\/wp-json\/wp\/v2\/types\/product"}],"replies":[{"embeddable":true,"href":"https:\/\/archeodiving.it\/it\/wp-json\/wp\/v2\/comments?post=156"}],"wp:featuredmedia":[{"embeddable":true,"href":"https:\/\/archeodiving.it\/it\/wp-json\/wp\/v2\/media\/163"}],"wp:attachment":[{"href":"https:\/\/archeodiving.it\/it\/wp-json\/wp\/v2\/media?parent=156"}],"wp:term":[{"taxonomy":"product_brand","embeddable":true,"href":"https:\/\/archeodiving.it\/it\/wp-json\/wp\/v2\/product_brand?post=156"},{"taxonomy":"product_cat","embeddable":true,"href":"https:\/\/archeodiving.it\/it\/wp-json\/wp\/v2\/product_cat?post=156"},{"taxonomy":"product_tag","embeddable":true,"href":"https:\/\/archeodiving.it\/it\/wp-json\/wp\/v2\/product_tag?post=156"}],"curies":[{"name":"wp","href":"https:\/\/api.w.org\/{rel}","templated":true}]}}